{"id":194,"date":"2025-10-23T07:29:06","date_gmt":"2025-10-23T07:29:06","guid":{"rendered":"https:\/\/robolutionkultur.com\/?page_id=194"},"modified":"2025-12-26T10:21:52","modified_gmt":"2025-12-26T10:21:52","slug":"minisumo","status":"publish","type":"page","link":"https:\/\/robolutionkultur.com\/?page_id=194","title":{"rendered":"Mini sumo"},"content":{"rendered":"\n<div class=\"wp-block-group alignfull has-base-color has-text-color has-background has-global-padding is-layout-constrained wp-container-core-group-is-layout-adf48fa9 wp-block-group-is-layout-constrained\" style=\"background-color:#101920;margin-top:0;margin-bottom:0;padding-top:var(--wp--preset--spacing--60);padding-right:var(--wp--preset--spacing--60);padding-bottom:var(--wp--preset--spacing--60);padding-left:var(--wp--preset--spacing--60)\">\n<div class=\"wp-block-group has-global-padding is-layout-constrained wp-block-group-is-layout-constrained\">\n<p class=\"has-text-align-center has-text-color has-link-color has-x-large-font-size wp-elements-6107e865e66e1ec6821408c26a8bbfe6\" style=\"color:#eef151\"><strong>Mini Sumo<\/strong> <strong>Kategorisi<\/strong><\/p>\n\n\n\n<hr class=\"wp-block-separator has-text-color has-base-color has-alpha-channel-opacity has-base-background-color has-background is-style-wide\"\/>\n\n\n\n<p class=\"has-text-color has-link-color has-large-font-size wp-elements-e02fbbc4f9af1d16b7b35a6b0335c1ae\" style=\"color:#eef151\">&nbsp;<strong>G\u00f6rev Tan\u0131m\u0131<\/strong><\/p>\n\n\n\n<p>Bu kategoride robotlardan beklenen pist i\u00e7erisinde rakibini alan d\u0131\u015f\u0131na itmesidir<\/p>\n\n\n\n<p class=\"has-text-color has-link-color has-large-font-size wp-elements-7eecdd7c5b35045b3466169cf9948e48\" style=\"color:#eef151\">&nbsp;<strong>Robot \u00d6zellikleri<\/strong><\/p>\n\n\n\n<ol start=\"1\" class=\"wp-block-list\">\n<li>Mini Sumo robot 10 cm eninde ve 10 cm derinli\u011finde (y\u00fckseklik s\u0131n\u0131rlamas\u0131 yok) ve denetim ama\u00e7l\u0131 olarak k\u00fcp \u015feklindeki bir kutuda saklanabilecek \u015fekilde olmal\u0131d\u0131r.<\/li>\n\n\n\n<li>Robotlar otonom olacaklard\u0131r. Ba\u015flama ve durdurma haricinde hi\u00e7bir \u015fekilde uzaktan kumanda kullan\u0131lmayacakt\u0131r.<\/li>\n\n\n\n<li>Mini Sumo robotun a\u011f\u0131rl\u0131\u011f\u0131 maksimum 0,5 kg. olacakt\u0131r.<\/li>\n\n\n\n<li>Robotlar\u0131 hakem kumanda ayn\u0131 anda ba\u015flat\u0131r, robotlar herhangi bir gecikme olmadan m\u00fcsabakaya ba\u015flamak zorundad\u0131r.<\/li>\n\n\n\n<li>Raund sonunda Mini Sumo robotlar\u0131n hakemlerde bulunan kumanda yard\u0131m\u0131 ile durdurulmas\u0131 zorunlu de\u011fildir.<\/li>\n<\/ol>\n\n\n\n<p class=\"has-text-color has-link-color has-large-font-size wp-elements-971dd2bfbd85e9dc2c74e3b401207f14\" style=\"color:#eef151\">&nbsp;<strong>B\u0131\u00e7aklar\u0131n Kullan\u0131m \u015eartlar\u0131<\/strong><\/p>\n\n\n\n<ol start=\"1\" class=\"wp-block-list\">\n<li>Robotlara ba\u015flang\u0131\u00e7ta yap\u0131lan hakem kontrol\u00fcnde k\u00e2\u011f\u0131t testi uygulanacak olup keskin b\u0131\u00e7akl\u0131 olan robotlar yar\u0131\u015fmaya al\u0131nmayacakt\u0131r.<\/li>\n\n\n\n<li>Robotlarda kullan\u0131lacak b\u0131\u00e7aklar dohyo ve yar\u0131\u015fmac\u0131lara zarar vermeyecek nitelikte olmal\u0131d\u0131r.<\/li>\n\n\n\n<li>Kar\u015f\u0131la\u015fma s\u0131ras\u0131nda piste zarar veren robotlar\u0131n diskalifiye olup olmayaca\u011f\u0131na hakemler taraf\u0131ndan karar verilecektir.<\/li>\n<\/ol>\n\n\n\n<p class=\"has-text-color has-link-color has-large-font-size wp-elements-28c33a5fe7e2ef480c000131335dc8c0\" style=\"color:#eef151\"><strong>&nbsp;Robot Hareketleri<\/strong><\/p>\n\n\n\n<p>Robotlar, rakibin hareketini tespit edip ona g\u00f6re otonom cevap\/sald\u0131r\u0131 yapacak \u015fekilde tasarlanmal\u0131d\u0131r. E\u011fer hareket \u015f\u00fcpheli ise, (robotun yar\u0131\u015fma esnas\u0131nda kumanda ile kontrol edilmesi, ya da rakibe farkl\u0131 frekanslar yollanmas\u0131 vb.) hakemin i\u015fareti ile \u00e7al\u0131\u015fmas\u0131 kontrol edilebilir. Kontrol i\u015flemi hemen, yar\u0131\u015fmac\u0131 pistten ayr\u0131lmadan, m\u00fcsabakan\u0131n sona erdirilmesi ile yap\u0131l\u0131r.<\/p>\n\n\n\n<p class=\"has-text-color has-link-color has-large-font-size wp-elements-270e0ad09cf5abcbb119cf7b3ef771cf\" style=\"color:#eef151\">&nbsp;<strong>Robotlar\u0131n Tasar\u0131m ve \u0130malat\u0131nda Yasakl\u0131 Noktalar<\/strong><\/p>\n\n\n\n<ol start=\"1\" class=\"wp-block-list\">\n<li>\u00c7al\u0131\u015fma dalga boyunu (frekans\u0131n\u0131) etkileyen, rakibin \u00e7al\u0131\u015fmas\u0131n\u0131 etkileyen (fla\u015f\u00f6r gibi) her t\u00fcrl\u00fc par\u00e7a yasaklanm\u0131\u015ft\u0131r.<\/li>\n\n\n\n<li>Dohyo y\u00fczeyini bir sonraki m\u00fcsabaka yap\u0131lamayacak \u015fekilde \u00e7izen ya da hasar veren her t\u00fcrl\u00fc par\u00e7a yasakt\u0131r.<\/li>\n\n\n\n<li>Rakibe kar\u015f\u0131 sald\u0131r\u0131 mekanizmas\u0131 ya da silah olarak kullan\u0131lmak \u00fczere s\u0131v\u0131, gaz ya da tozlar yasakt\u0131r.<\/li>\n\n\n\n<li>Yan\u0131c\u0131 maddeler robota tak\u0131lamaz.<\/li>\n\n\n\n<li>Robotlarda kullan\u0131lan bataryalar rakip robota, piste ya da kendisine zarar vermeyecek \u015fekilde yerle\u015ftirilmelidir.<\/li>\n\n\n\n<li>Robota herhangi bir at\u0131c\u0131 cihaz eklenemez.<\/li>\n\n\n\n<li>Dohyonun y\u00fczeyine kendini sabitleyen ve hareket etmesini engelleyen hi\u00e7bir par\u00e7a robota tak\u0131lmaz. (\u00d6rne\u011fin emici vakum, yap\u0131\u015ft\u0131r\u0131c\u0131 vb.)<\/li>\n<\/ol>\n\n\n\n<p class=\"has-text-color has-link-color has-large-font-size wp-elements-e59a2b2d5dbe91f8697b4a73c7d30973\" style=\"color:#eef151\"><strong>&nbsp;Oyun \u0130lkeleri<\/strong><\/p>\n\n\n\n<ol start=\"1\" class=\"wp-block-list\">\n<li>Prensip olarak oyun s\u00fcresi 2 dakikal\u0131k 3 raunda dayan\u0131r. Yar\u0131\u015fma s\u00fcresince 2 etkin puan alan tak\u0131m galip olacakt\u0131r.<\/li>\n\n\n\n<li>E\u011fer kar\u015f\u0131la\u015fma sonunda yar\u0131\u015fmac\u0131lardan sadece biri etkin puan\u0131 alm\u0131\u015fsa, puan alan tak\u0131m kar\u015f\u0131la\u015fman\u0131n galibidir.<\/li>\n\n\n\n<li>Yar\u0131\u015fmac\u0131lar\u0131n 3 raund sonunda 1-1 ya da 0-0 gibi e\u015fitlik durumlar\u0131nda m\u00fcsabaka 1 raund daha uzat\u0131l\u0131r. Uzatma s\u00fcresinde 1 etkin puan alan tak\u0131m m\u00fcsabakan\u0131n galibi say\u0131l\u0131r.<\/li>\n\n\n\n<li>Yar\u0131\u015fma boyunca e\u011fer hi\u00e7bir tak\u0131m kar\u015f\u0131la\u015fmay\u0131 kazanamam\u0131\u015fsa veya birbirlerine kar\u015f\u0131 \u00fcst\u00fcnl\u00fck kuramam\u0131\u015flarsa robotu hafif olan tak\u0131ma 1 etkin puan verilerek kazanan belirlenir.<\/li>\n\n\n\n<li>\u0130ki robot aras\u0131ndaki kar\u015f\u0131la\u015fma sonlanmadan robotlara her t\u00fcrl\u00fc bak\u0131m ve m\u00fcdahale yasakt\u0131r. (Ancak raund aras\u0131nda hakem g\u00f6zetiminde, pisti terk etmeden, pist d\u0131\u015f\u0131ndan malzeme deste\u011fi almadan ve robotta herhangi bir de\u011fi\u015fiklik yapmadan 2 dakika m\u00fcdahale serbesttir.)<\/li>\n\n\n\n<li>Rakip robot, dohyonun d\u0131\u015f\u0131na kendisi d\u00fc\u015fer veya dohyonun d\u0131\u015f\u0131na temas ederse, sizin robotunuz 1 puan kazan\u0131r. Ancak rakibini d\u0131\u015far\u0131 atan robot, \u00f6nce kendisi zemin ile temas etse dahi o raundu kazanm\u0131\u015f say\u0131l\u0131r. (\u00d6zellikle rakibini s\u0131rtlay\u0131p birlikte pistin d\u0131\u015f\u0131na \u00e7\u0131kan robotlar d\u00fc\u015f\u00fcn\u00fclerek bu kural eklenmi\u015ftir.)<\/li>\n<\/ol>\n\n\n\n<p class=\"has-text-color has-link-color has-large-font-size wp-elements-66529986bff1d822af31bf573cabe4bb\" style=\"color:#eef151\">&nbsp;<strong>Oyunun Ba\u015flamas\u0131<\/strong><\/p>\n\n\n\n<p>Kar\u015f\u0131la\u015fman\u0131n ba\u015flamas\u0131 i\u00e7in sahaya giren yar\u0131\u015fmac\u0131larda koruyucu g\u00f6zl\u00fck, eldiven ve ayakkab\u0131 vb. g\u00fcvenlik ekipmanlar\u0131 bulunmal\u0131d\u0131r.<\/p>\n\n\n\n<ol start=\"1\" class=\"wp-block-list\">\n<li>Hakemler dohyolar\u0131n ve yar\u0131\u015fmac\u0131lar\u0131n durumlar\u0131n\u0131 kontrol ettikten sonra kar\u015f\u0131la\u015fmalar\u0131n ba\u015flamas\u0131na onay vereceklerdir. E\u011fer dohyo \u00fczerinde \u00e7izik ya da kir olursa hakemler bu dohyonun kullan\u0131l\u0131p kullan\u0131lmayaca\u011f\u0131na karar vereceklerdir.<\/li>\n\n\n\n<li>Kar\u015f\u0131la\u015fma, hakem i\u015fareti ile yar\u0131\u015fmac\u0131lar\u0131n robotlar\u0131n\u0131 dohyoya yerle\u015ftirmesiyle ba\u015flayacakt\u0131r.<\/li>\n\n\n\n<li>Kar\u015f\u0131la\u015fmada robotlar\u0131n yerle\u015fimi hakemler taraf\u0131ndan belirlenecek olup yan yana veya s\u0131rt s\u0131rta yerle\u015fim sa\u011flanacakt\u0131r.<\/li>\n\n\n\n<li>Robotlar yerle\u015ftirildikten sonra hareket ettirilmelerine izin verilmez.<\/li>\n<\/ol>\n\n\n\n<p class=\"has-text-color has-link-color has-large-font-size wp-elements-54f880cd6e1de675dbe51c9a058e25ac\" style=\"color:#eef151\"><strong>&nbsp;Oyunun Bitirilmesi<\/strong><\/p>\n\n\n\n<hr class=\"wp-block-separator has-alpha-channel-opacity\"\/>\n\n\n\n<ol start=\"1\" class=\"wp-block-list\">\n<li>Yar\u0131\u015fma resmi olarak hakemin duyurusuyla sona erecektir.<\/li>\n\n\n\n<li>Hakemler kar\u015f\u0131la\u015fman\u0131n bitimi \u00fczerine robotlar\u0131 uzaktan kumanda kullanarak durduracaklard\u0131r.<\/li>\n\n\n\n<li>Yar\u0131\u015fmac\u0131lar kendilerine belirlenen alandan hareket ederek robotlar\u0131n\u0131 dohyo \u00fczerinden veya d\u0131\u015f\u0131ndan alacaklard\u0131r.<\/li>\n<\/ol>\n\n\n\n<p class=\"has-text-color has-link-color has-large-font-size wp-elements-270d5c19049af605547ddea98dc6bd55\" style=\"color:#eef151\"><strong>&nbsp;Kar\u015f\u0131la\u015fman\u0131n Tekrar Ba\u015flat\u0131lmas\u0131<\/strong><\/p>\n\n\n\n<hr class=\"wp-block-separator has-alpha-channel-opacity\"\/>\n\n\n\n<ol start=\"1\" class=\"wp-block-list\">\n<li>Her iki robot birbirlerine tak\u0131l\u0131p kal\u0131r ve sonraki hareketler m\u00fcmk\u00fcn olmaz ise 15 saniye sonunda hakem karar\u0131 ile raund tekrarlan\u0131r.<\/li>\n\n\n\n<li>Her iki robot ayn\u0131 anda dohyonun d\u0131\u015f\u0131na d\u00fc\u015ferse raund tekrarlan\u0131r.<\/li>\n\n\n\n<li>3 raund sonunda kazanan belirlenemez ise hakem robotlar\u0131 belirli bir pozisyonda simetrik olarak yerle\u015ftirir. 4. ve son bir raund daha oynat\u0131l\u0131r.<\/li>\n<\/ol>\n\n\n\n<p class=\"has-text-color has-link-color has-large-font-size wp-elements-567fbde56b871e48bbb3a2b6456542b8\" style=\"color:#eef151\"><strong>&nbsp;Puanlar<\/strong><\/p>\n\n\n\n<hr class=\"wp-block-separator has-alpha-channel-opacity\"\/>\n\n\n\n<ol start=\"1\" class=\"wp-block-list\">\n<li>E\u011fer rakip dohyonun d\u0131\u015f\u0131na zorlanm\u0131\u015f ve dohyonun d\u0131\u015f\u0131na temas etmesi sa\u011fland\u0131ysa,<\/li>\n\n\n\n<li>Rakip robot dohyonun d\u0131\u015f\u0131na kendisi d\u00fc\u015fer veya dohyonun d\u0131\u015f\u0131na temas ederse,<\/li>\n\n\n\n<li>Raunt ba\u015flad\u0131ktan sonra A robotu hareketsiz kald\u0131\u011f\u0131nda;<\/li>\n<\/ol>\n\n\n\n<p>B robotu hareket etti ve dohyodan d\u00fc\u015fmedi. Bu durumda 10 saniye s\u00fcre ge\u00e7erse roundu, B robotu kazan\u0131r.<\/p>\n\n\n\n<p>B robotu hareket etti ve dohyodan d\u00fc\u015ft\u00fc. Hakem 10 saniye s\u00fcre dolmas\u0131n\u0131 bekler; bu s\u00fcrede A hareket ederse roundu A kazan\u0131r, hareket etmezse B kazan\u0131r<\/p>\n\n\n\n<ol start=\"4\" class=\"wp-block-list\">\n<li>E\u011fer rakibe 2 defa uyar\u0131 verilirse puan kazan\u0131l\u0131r.<\/li>\n<\/ol>\n\n\n\n<p class=\"has-text-color has-link-color has-large-font-size wp-elements-48b4f430bb697fd57ce7964205e089cd\" style=\"color:#eef151\"><strong>&nbsp;Uyar\u0131 ve Cezalar<\/strong><\/p>\n\n\n\n<p>E\u011fer bir yar\u0131\u015fmac\u0131 2 uyar\u0131 al\u0131rsa, 1 etkin puan kar\u015f\u0131 tarafa verilecektir.<\/p>\n\n\n\n<ol start=\"1\" class=\"wp-block-list\">\n<li>Yar\u0131\u015fmac\u0131lardan kar\u015f\u0131la\u015fman\u0131n sonland\u0131r\u0131lmas\u0131 i\u00e7in bir m\u00fcracaat gelirse 1 etkin puan kar\u015f\u0131 tarafa verilecektir.<\/li>\n\n\n\n<li>Hakemler taraf\u0131ndan g\u00f6r\u00fclen hileli\/haks\u0131z say\u0131labilecek her t\u00fcrl\u00fc hareketlerde puan kar\u015f\u0131 tarafa verilecektir.<\/li>\n<\/ol>\n\n\n\n<p class=\"has-text-color has-link-color has-large-font-size wp-elements-3201e4d3b0e705f599e27168f4e1691c\" style=\"color:#eef151\"><strong>&nbsp;\u0130hlaller Sonucu Kaybetme<\/strong><\/p>\n\n\n\n<hr class=\"wp-block-separator has-alpha-channel-opacity\"\/>\n\n\n\n<p>A\u015fa\u011f\u0131daki eylemlerden birisini yapan bir yar\u0131\u015fmac\u0131 ihlalden dolay\u0131 oyunu kaybeder.<\/p>\n\n\n\n<ol start=\"1\" class=\"wp-block-list\">\n<li>Yar\u0131\u015fmac\u0131 2 dakika i\u00e7erisinde belirlenen dohyoya gelmedi\u011finde,<\/li>\n\n\n\n<li>Yar\u0131\u015fmac\u0131 oyunu sabote ederse, (\u00d6rne\u011fin kas\u0131tl\u0131 olarak dohyoya hasar vermek, bozmak, k\u0131rmak\u2026)<\/li>\n\n\n\n<li>Bir yar\u0131\u015fmac\u0131 robot \u00f6zelliklerinde verilen kurallara uymazsa,<\/li>\n\n\n\n<li>E\u011fer robottan alev \u00e7\u0131kar ve yar\u0131\u015fmaya devam edemez duruma gelirse oyunu kaybeder.<\/li>\n<\/ol>\n\n\n\n<p class=\"has-text-color has-link-color has-large-font-size wp-elements-72946033c83738cffce58f6a7b60c145\" style=\"color:#eef151\"><strong>&nbsp;Oyun D\u0131\u015f\u0131 Kalma<\/strong><\/p>\n\n\n\n<p>A\u015fa\u011f\u0131daki eylemlerden birini yapan bir yar\u0131\u015fmac\u0131 oyun d\u0131\u015f\u0131 kal\u0131r, oyunu terk etmeye zorlan\u0131r ve s\u0131ralama listesine giremez.<\/p>\n\n\n\n<ol start=\"1\" class=\"wp-block-list\">\n<li>Yar\u0131\u015fmac\u0131 sportmenlik d\u0131\u015f\u0131 davran\u0131\u015flar g\u00f6sterirse. \u00d6rne\u011fin sald\u0131rgan bir dil kullan\u0131rsa, rakibe ve hakeme sald\u0131r\u0131rsa.<\/li>\n\n\n\n<li>Yar\u0131\u015fmac\u0131 kas\u0131tl\u0131 olarak rakibine ve\/veya rakibin robotuna zarar verirse oyun d\u0131\u015f\u0131 kal\u0131r.<\/li>\n<\/ol>\n\n\n\n<p class=\"has-text-color has-link-color has-large-font-size wp-elements-6a9181128ffbf09c31f2d012b4cf8977\" style=\"color:#eef151\"><strong>&nbsp;Ask\u0131ya Alma\/Erteleme Talebi<\/strong><\/p>\n\n\n\n<hr class=\"wp-block-separator has-alpha-channel-opacity\"\/>\n\n\n\n<ol start=\"1\" class=\"wp-block-list\">\n<li>Bir yar\u0131\u015fmac\u0131 yaralan\u0131rsa ve oyun devam edemez ise yar\u0131\u015fmac\u0131 taraf\u0131ndan durdurma istenebilir.<\/li>\n\n\n\n<li>Yukar\u0131daki olayda, hakemler oyuna hemen devam etmek i\u00e7in gerekli d\u00fczenlemeleri yapacaklard\u0131r.<\/li>\n\n\n\n<li>E\u011fer d\u00fczenlemeler kar\u015f\u0131la\u015fman\u0131n yeniden ba\u015flamas\u0131na imk\u00e2n vermiyorsa, rakip m\u00fcsabaka olmadan galip ilan edilecektir.<\/li>\n<\/ol>\n\n\n\n<p class=\"has-text-color has-link-color has-large-font-size wp-elements-26f4b5c92579e7bbb481c8b4306ff20d\" style=\"color:#eef151\"><strong>&nbsp;\u0130tirazlar<\/strong><\/p>\n\n\n\n<p>Hakem kararlar\u0131na kar\u015f\u0131 itiraz koordinat\u00f6r ekibine yaz\u0131l\u0131 olarak verilecektir.<\/p>\n\n\n\n<p class=\"has-text-color has-link-color has-large-font-size wp-elements-5a9aa7ec9ba5a9e3458b452a05449e7e\" style=\"color:#eef151\"><strong>&nbsp;Dohyo Tan\u0131m\u0131<\/strong><\/p>\n\n\n\n<hr class=\"wp-block-separator has-alpha-channel-opacity\"\/>\n\n\n\n<ol start=\"1\" class=\"wp-block-list\">\n<li>Dohyo m\u00fcsabaka alan\u0131 ve \u00e7evresindeki b\u00f6l\u00fcmlerden olu\u015fur. Geri kalan alan dohyonun d\u0131\u015f\u0131 olarak kabul edilir.<\/li>\n\n\n\n<li>Mini Sumo Robot Dohyosu zeminden 5 cm y\u00fcksekli\u011finde 77 cm \u00e7ap\u0131nda MDF`den imal edilmi\u015f dairedir.<\/li>\n\n\n\n<li>Mini Sumo Robot Dohyosunun kenar\u0131ndaki 2,5 cm`lik beyaz aland\u0131r. Beyaz alan dohyo dahilindedir.<\/li>\n<\/ol>\n\n\n\n<p class=\"has-text-color has-link-color has-large-font-size wp-elements-970c227c39181bc7fa9d2afda797ee65\" style=\"color:#eef151\"><strong>&nbsp;Dohyoya Yerle\u015fim Y\u00f6n\u00fc<\/strong><\/p>\n\n\n\n<hr class=\"wp-block-separator has-alpha-channel-opacity\"\/>\n\n\n\n<ol start=\"1\" class=\"wp-block-list\">\n<li>Robotlar\u0131n dohyoya yerle\u015fimini hakemler belirleyecek olup \u201cko\u00e7 vuru\u015fu\u201d \u015feklinde dohyoya yerle\u015fim yap\u0131lmayacakt\u0131r. (Uzatma raundlar\u0131nda robotlar\u0131n yerle\u015fimini hakemler simetrik olarak belirleyeceklerdir.)<\/li>\n\n\n\n<li>Robotlar s\u0131rt s\u0131rta \u00e7apraz \u00e7eyrek dairelerin i\u00e7erisinde herhangi bir b\u00f6lgeye d\u0131\u015f beyaz \u00e7izgiye bakacak \u015fekilde yerle\u015ftirilebileceklerdir.<\/li>\n<\/ol>\n\n\n\n<p class=\"has-text-color has-link-color has-large-font-size wp-elements-e35978505b92636c456fb65541e34738\" style=\"color:#eef151\"><strong>&nbsp;Robotlar\u0131n \u0130\u015faretlenmesi<\/strong><\/p>\n\n\n\n<hr class=\"wp-block-separator has-alpha-channel-opacity\"\/>\n\n\n\n<p>Yar\u0131\u015fmalar\u0131n ba\u015flad\u0131\u011f\u0131 g\u00fcn kay\u0131t esnas\u0131nda robotlar\u0131n resmi \u00e7ekilerek \u00fczerlerine etiket yap\u0131\u015ft\u0131r\u0131lacakt\u0131r.<\/p>\n\n\n\n<p class=\"has-text-color has-link-color has-large-font-size wp-elements-4fae369ff9393efc88b49696c99ef70c\" style=\"color:#eef151\"><strong>&nbsp;Di\u011fer<\/strong><\/p>\n\n\n\n<hr class=\"wp-block-separator has-alpha-channel-opacity\"\/>\n\n\n\n<p>Mini Sumo robotlarda kullan\u0131lacak Ba\u015flatma\/Durdurma devresi yar\u0131\u015fmac\u0131lar taraf\u0131ndan temin edilecektir. Yar\u0131\u015fmac\u0131lara herhangi bir mod\u00fcl verilmeyecektir.<\/p>\n\n\n\n<p>Mini Sumo m\u00fcsabakalar\u0131nda raund sonunda robotlar\u0131n hakem taraf\u0131ndan durdurulmas\u0131 zorunlu de\u011fildir.<\/p>\n\n\n\n<p class=\"has-text-align-center has-accent-3-color has-text-color has-link-color has-large-font-size wp-elements-c847a9c88114ba732db64d4b8166977b\"><strong>Kurallardaki her t\u00fcrl\u00fc de\u011fi\u015fikli\u011fe turnuva komitesi yetkilidir.<\/strong><\/p>\n\n\n\n<p class=\"has-text-color has-link-color has-large-font-size wp-elements-3a53c6e8db5417b3ac5ecabd071d1058\" style=\"color:#eef151\">Start Mod\u00fcl\u00fc<\/p>\n\n\n\n<figure class=\"wp-block-image aligncenter size-large is-resized\"><img loading=\"lazy\" decoding=\"async\" width=\"1024\" height=\"689\" src=\"https:\/\/robolutionkultur.com\/wp-content\/uploads\/2025\/10\/start-1024x689.png\" alt=\"\" class=\"wp-image-279\" style=\"width:792px;height:auto\" srcset=\"https:\/\/robolutionkultur.com\/wp-content\/uploads\/2025\/10\/start-1024x689.png 1024w, https:\/\/robolutionkultur.com\/wp-content\/uploads\/2025\/10\/start-300x202.png 300w, https:\/\/robolutionkultur.com\/wp-content\/uploads\/2025\/10\/start-768x517.png 768w, https:\/\/robolutionkultur.com\/wp-content\/uploads\/2025\/10\/start.png 1388w\" sizes=\"auto, (max-width: 1024px) 100vw, 1024px\" \/><\/figure>\n\n\n\n<p class=\"has-text-align-left has-small-font-size\">                        <em>            <strong>\u015eekil 1:<\/strong>&nbsp;Start Mod\u00fcl\u00fc A\u00e7\u0131k Devre \u015eemas\u0131<\/em><\/p>\n\n\n\n<p class=\"has-text-color has-link-color has-large-font-size wp-elements-3c52521263156a2fc40038d8bf7f28a8\" style=\"color:#eef151\">&nbsp;Start Mod\u00fcl\u00fc Bask\u0131 Devre \u015eemas\u0131<\/p>\n\n\n\n<figure class=\"wp-block-image aligncenter size-large is-resized\"><img loading=\"lazy\" decoding=\"async\" width=\"1024\" height=\"734\" src=\"https:\/\/robolutionkultur.com\/wp-content\/uploads\/2025\/10\/start2-1024x734.png\" alt=\"\" class=\"wp-image-280\" style=\"width:767px;height:auto\" srcset=\"https:\/\/robolutionkultur.com\/wp-content\/uploads\/2025\/10\/start2-1024x734.png 1024w, https:\/\/robolutionkultur.com\/wp-content\/uploads\/2025\/10\/start2-300x215.png 300w, https:\/\/robolutionkultur.com\/wp-content\/uploads\/2025\/10\/start2-768x550.png 768w, https:\/\/robolutionkultur.com\/wp-content\/uploads\/2025\/10\/start2.png 1048w\" sizes=\"auto, (max-width: 1024px) 100vw, 1024px\" \/><\/figure>\n<\/div>\n\n\n\n<p class=\"has-small-font-size\">                          <em><strong>\u015eekil 2:<\/strong>&nbsp;Start Mod\u00fcl\u00fc Bask\u0131 Devre \u015eemas\u0131<\/em><\/p>\n\n\n\n<p class=\"has-text-color has-link-color has-x-large-font-size wp-elements-bfddbbb537f3f4c367e0b073e72c49c6\" style=\"color:#eef151\"><strong>Start Mod\u00fcl\u00fcn\u00fcn \u00c7al\u0131\u015fmas\u0131<\/strong><\/p>\n\n\n\n<hr class=\"wp-block-separator has-alpha-channel-opacity\"\/>\n\n\n\n<p class=\"has-border-color has-contrast-border-color\" style=\"border-width:1px;writing-mode:horizontal-tb\">Gerekli besleme gerilimi ba\u011flant\u0131s\u0131 yap\u0131ld\u0131\u011f\u0131nda ilk \u00f6nce al\u0131c\u0131n\u0131n hangi tu\u015f kodunda \u201cOn-Off\u201d yapaca\u011f\u0131n\u0131n belirlenmesi gerekir. Bu i\u015flem i\u00e7in devre \u00fczerindeki haf\u0131za butonuna 1 kez bas\u0131l\u0131r ve D1 Ledi s\u00fcrekli yan\u0131k duruma ge\u00e7er, bu durumda verici kumanda \u00fczerinde haf\u0131zaya al\u0131nmak istenen tu\u015fa arka arkaya 2 kez bas\u0131l\u0131r ve beklenir. D1 Ledi s\u00f6ner. Art\u0131k kullan\u0131ma haz\u0131rd\u0131r.<\/p>\n\n\n\n<p><strong>\u00c7\u0131k\u0131\u015f\u0131 \u201cOn\u201d yapmak i\u00e7in kumandadan ilgili tu\u015fa (haf\u0131zaya al\u0131nan tu\u015f) bir kez bas\u0131l\u0131r. D1 Ledi yanar ve s\u00f6ner, D2 Ledi yan\u0131k kal\u0131r. On-off \u00e7\u0131k\u0131\u015f\u0131 0 volt seviyesine d\u00fc\u015fer.<\/strong><\/p>\n\n\n\n<p><strong>\u00c7\u0131k\u0131\u015f\u0131 \u201cOff\u201d yapmak i\u00e7in kumandadan ilgili tu\u015fa (haf\u0131zaya al\u0131nan tu\u015f) bir kez bas\u0131l\u0131r. D1 Ledi yanar ve s\u00f6ner, D2 Ledi s\u00f6ner. \u201cOn-Off\u201d \u00e7\u0131k\u0131\u015f\u0131 +5 volt seviyesine \u00e7\u0131kar.<\/strong><\/p>\n\n\n\n<p>Bu devre i\u00e7in verici kumandas\u0131 olarak \u201cRC5\u201d protokol\u00fc kullanan herhangi bir kumanda kullan\u0131labilir. Yar\u0131\u015fmalar esnas\u0131nda yar\u0131\u015fmac\u0131lar\u0131n mod\u00fcllerinin test edilmesi amac\u0131yla uygun bir alanda \u201cKumanda Deneme Noktas\u0131\u201d olu\u015fturulacakt\u0131r.<\/p>\n\n\n\n<p class=\"has-text-color has-link-color has-x-large-font-size wp-elements-d79abb6a0ceae97e6b1b9c4e68545a11\" style=\"color:#eef151\"><strong>Start Mod\u00fcl\u00fcn Mikrokontrol\u00f6re Ba\u011flant\u0131s\u0131<\/strong><\/p>\n\n\n\n<figure class=\"wp-block-image aligncenter size-full is-resized\"><img loading=\"lazy\" decoding=\"async\" width=\"914\" height=\"660\" src=\"https:\/\/robolutionkultur.com\/wp-content\/uploads\/2025\/10\/start3.png\" alt=\"\" class=\"wp-image-281\" style=\"width:548px;height:auto\" srcset=\"https:\/\/robolutionkultur.com\/wp-content\/uploads\/2025\/10\/start3.png 914w, https:\/\/robolutionkultur.com\/wp-content\/uploads\/2025\/10\/start3-300x217.png 300w, https:\/\/robolutionkultur.com\/wp-content\/uploads\/2025\/10\/start3-768x555.png 768w\" sizes=\"auto, (max-width: 914px) 100vw, 914px\" \/><\/figure>\n\n\n\n<p class=\"has-accent-3-color has-text-color has-link-color has-large-font-size wp-elements-8e30d15258262db17ccfb93594d43951\"><strong>T\u00fcm itirazlar hakem koordinat\u00f6rlerine yap\u0131lacakt\u0131r. Bu itirazlar yaz\u0131l\u0131 \u015fekilde sunulmal\u0131d\u0131r.<\/strong><\/p>\n\n\n\n<p class=\"has-accent-3-color has-text-color has-link-color has-large-font-size wp-elements-b12d8218a4cd1773b6d52f3009d76f65\"><strong>T\u00fcm kategoriler ile birlikte bu kategoride de \u201cKategori \u00fcst\u00fc kurallar\u201d ge\u00e7erlidir.<\/strong><\/p>\n\n\n\n<p class=\"has-text-color has-link-color has-x-large-font-size wp-elements-18e9ae6c282f7682cdd0f1269fbb398e\" style=\"color:#eef151\"><strong>&nbsp;Pist Resimleri<\/strong><\/p>\n\n\n\n<figure class=\"wp-block-image size-full is-resized\"><img loading=\"lazy\" decoding=\"async\" width=\"589\" height=\"785\" src=\"https:\/\/robolutionkultur.com\/wp-content\/uploads\/2025\/10\/mini1-1.jpg\" alt=\"\" class=\"wp-image-283\" style=\"width:308px;height:auto\" srcset=\"https:\/\/robolutionkultur.com\/wp-content\/uploads\/2025\/10\/mini1-1.jpg 589w, https:\/\/robolutionkultur.com\/wp-content\/uploads\/2025\/10\/mini1-1-225x300.jpg 225w\" sizes=\"auto, (max-width: 589px) 100vw, 589px\" \/><\/figure>\n\n\n\n<figure class=\"wp-block-image size-full is-resized\"><img loading=\"lazy\" decoding=\"async\" width=\"562\" height=\"647\" src=\"https:\/\/robolutionkultur.com\/wp-content\/uploads\/2025\/10\/mini2-1.jpg\" alt=\"\" class=\"wp-image-285\" style=\"width:309px;height:auto\" srcset=\"https:\/\/robolutionkultur.com\/wp-content\/uploads\/2025\/10\/mini2-1.jpg 562w, https:\/\/robolutionkultur.com\/wp-content\/uploads\/2025\/10\/mini2-1-261x300.jpg 261w\" sizes=\"auto, (max-width: 562px) 100vw, 562px\" \/><\/figure>\n\n\n\n<h3 class=\"wp-block-heading\"><\/h3>\n<\/div>\n","protected":false},"excerpt":{"rendered":"<p>Mini Sumo Kategorisi &nbsp;G\u00f6rev Tan\u0131m\u0131 Bu kategoride robotlardan beklenen pist i\u00e7erisinde rakibini alan d\u0131\u015f\u0131na itmesidir &nbsp;Robot \u00d6zellikleri &nbsp;B\u0131\u00e7aklar\u0131n Kullan\u0131m \u015eartlar\u0131 &nbsp;Robot Hareketleri Robotlar, rakibin hareketini tespit edip ona g\u00f6re otonom cevap\/sald\u0131r\u0131 yapacak \u015fekilde tasarlanmal\u0131d\u0131r. E\u011fer hareket \u015f\u00fcpheli ise, (robotun yar\u0131\u015fma esnas\u0131nda kumanda ile kontrol edilmesi, ya da rakibe farkl\u0131 frekanslar yollanmas\u0131 vb.) hakemin i\u015fareti ile [&hellip;]<\/p>\n","protected":false},"author":1,"featured_media":0,"parent":0,"menu_order":0,"comment_status":"closed","ping_status":"closed","template":"page-no-title","meta":{"footnotes":""},"class_list":["post-194","page","type-page","status-publish","hentry"],"_links":{"self":[{"href":"https:\/\/robolutionkultur.com\/index.php?rest_route=\/wp\/v2\/pages\/194","targetHints":{"allow":["GET"]}}],"collection":[{"href":"https:\/\/robolutionkultur.com\/index.php?rest_route=\/wp\/v2\/pages"}],"about":[{"href":"https:\/\/robolutionkultur.com\/index.php?rest_route=\/wp\/v2\/types\/page"}],"author":[{"embeddable":true,"href":"https:\/\/robolutionkultur.com\/index.php?rest_route=\/wp\/v2\/users\/1"}],"replies":[{"embeddable":true,"href":"https:\/\/robolutionkultur.com\/index.php?rest_route=%2Fwp%2Fv2%2Fcomments&post=194"}],"version-history":[{"count":15,"href":"https:\/\/robolutionkultur.com\/index.php?rest_route=\/wp\/v2\/pages\/194\/revisions"}],"predecessor-version":[{"id":457,"href":"https:\/\/robolutionkultur.com\/index.php?rest_route=\/wp\/v2\/pages\/194\/revisions\/457"}],"wp:attachment":[{"href":"https:\/\/robolutionkultur.com\/index.php?rest_route=%2Fwp%2Fv2%2Fmedia&parent=194"}],"curies":[{"name":"wp","href":"https:\/\/api.w.org\/{rel}","templated":true}]}}