{"id":298,"date":"2025-10-23T08:15:46","date_gmt":"2025-10-23T08:15:46","guid":{"rendered":"https:\/\/robolutionkultur.com\/?page_id=298"},"modified":"2025-12-26T10:21:14","modified_gmt":"2025-12-26T10:21:14","slug":"arazi","status":"publish","type":"page","link":"https:\/\/robolutionkultur.com\/?page_id=298","title":{"rendered":"Arazi"},"content":{"rendered":"\n<div class=\"wp-block-group alignfull has-base-color has-text-color has-background has-global-padding is-layout-constrained wp-container-core-group-is-layout-adf48fa9 wp-block-group-is-layout-constrained\" style=\"background-color:#101920;margin-top:0;margin-bottom:0;padding-top:var(--wp--preset--spacing--60);padding-right:var(--wp--preset--spacing--60);padding-bottom:var(--wp--preset--spacing--60);padding-left:var(--wp--preset--spacing--60)\">\n<div class=\"wp-block-group has-global-padding is-layout-constrained wp-block-group-is-layout-constrained\">\n<p class=\"has-text-align-center has-text-color has-link-color has-x-large-font-size wp-elements-7cf065711e6aee2859b83ba2e9d67c2d\" style=\"color:#eef151\"><strong>Arazi Kategorisi<\/strong><\/p>\n\n\n\n<hr class=\"wp-block-separator has-text-color has-base-color has-alpha-channel-opacity has-base-background-color has-background is-style-wide\"\/>\n\n\n\n<p class=\"has-text-color has-link-color has-large-font-size wp-elements-e02fbbc4f9af1d16b7b35a6b0335c1ae\" style=\"color:#eef151\">&nbsp;<strong>G\u00f6rev Tan\u0131m\u0131<\/strong><\/p>\n\n\n\n<p><\/p>\n\n\n\n<p>Bu kategoride robotlar daha \u00f6nceden belirlenen, zorluk d\u00fczeyi olan, \u00e7e\u015fitli engellerin bulundu\u011fu pistimizdeki b\u00f6l\u00fcmleri a\u015farak parkuru en az hata ile ve en k\u0131sa s\u00fcrede tamamlamaya \u00e7al\u0131\u015f\u0131rlar.<\/p>\n\n\n\n<p class=\"has-text-color has-link-color has-large-font-size wp-elements-4c2addae22ae1651a1066e4dbdfd72b4\" style=\"color:#eef151\"><strong>&nbsp;Yar\u0131\u015fman\u0131n Genel \u00d6zellikleri<\/strong><\/p>\n\n\n\n<p>Robotlar yar\u0131\u015fma g\u00fcn\u00fc a\u00e7\u0131klanacak olan kura sonu\u00e7lar\u0131na g\u00f6re s\u0131rayla yar\u0131\u015f\u0131rlar.<\/p>\n\n\n\n<p>Hakemler taraf\u0131ndan robotun kar\u015f\u0131la\u015fmaya \u00e7a\u011fr\u0131lmas\u0131ndan itibaren 2 dakika i\u00e7inde piste gelmeyen robot diskalifiye edilir.<\/p>\n\n\n\n<p>Yar\u0131\u015fmac\u0131lar\u0131n yar\u0131\u015fma esnas\u0131nda robotlara toplam 4 m\u00fcdahale hakk\u0131 vard\u0131r. Bu m\u00fcdahalelerin herhangi birinde 1 defaya mahsus olmak \u00fczere teknik mola al\u0131nabilir. Teknik molada pist d\u0131\u015f\u0131ndan herhangi bir malzeme eklenmesi ya da de\u011fi\u015ftirilmesi yap\u0131lamaz. (Pil de\u011fi\u015fimi yap\u0131lamaz.) Teknik mola 2 dakika ile s\u0131n\u0131rl\u0131d\u0131r. Yap\u0131lan her m\u00fcdahalede ceza puan\u0131 yaz\u0131l\u0131r.<\/p>\n\n\n\n<p>Yar\u0131\u015fmac\u0131lar\u0131n pisti tamamlamak i\u00e7in toplam 4 dakika s\u00fcresi vard\u0131r. Bu s\u00fcre i\u00e7erisinde pisti bitiremeyen yar\u0131\u015fmac\u0131lar elenir.<\/p>\n\n\n\n<p>Pistin b\u00f6l\u00fcmlerine yar\u0131\u015fma durumuna g\u00f6re, hakemlerin karar\u0131yla belli aral\u0131klarla malzeme eklemeleri yap\u0131lacakt\u0131r. Su, \u00e7amur, toprak gibi\u2026<\/p>\n\n\n\n<p>Belirtilen kurallar\u0131n d\u0131\u015f\u0131nda ya\u015fanacak karars\u0131zl\u0131klarda son karar\u0131 yar\u0131\u015fman\u0131n hakemleri ve koordinat\u00f6rler verecektir.<\/p>\n\n\n\n<p>Yar\u0131\u015fmada haz\u0131r kit kullan\u0131m\u0131na izin yoktur.<\/p>\n\n\n\n<p>Kas\u0131tl\u0131 olarak piste zarar veren robotlar diskalifiye edilecektir.<\/p>\n\n\n\n<p>Deneme parkuru olmayacakt\u0131r.<\/p>\n\n\n\n<p>Yukar\u0131da belirtilenler sadece \u201carazi\u201d kategorisi i\u00e7in ge\u00e7erlidir.<\/p>\n\n\n\n<p class=\"has-text-color has-link-color has-large-font-size wp-elements-489b93325731a082d5076087b4f40239\" style=\"color:#eef151\"><strong>&nbsp;Pist \u00d6zellikleri<\/strong><\/p>\n\n\n\n<p>Pist \u00fczerinde, her biri ayr\u0131 puanda olacak \u015fekilde 12 farkl\u0131 etap bulunacakt\u0131r. Bu etaplarda kaya, rampa \u00e7\u0131k\u0131\u015f, k\u00f6stebek \u00e7ukuru, toprak tepe, rampa ini\u015f, su, \u00e7amur, s\u00fcrpriz b\u00f6l\u00fcm-1, kum, tahterevalli ve orman (kozalak, \u00e7al\u0131, \u00e7\u0131rp\u0131) gibi engeller bulunacakt\u0131r. s\u00fcrpriz b\u00f6l\u00fcm-2, kum, tahterevalli ve orman (kozalak, \u00e7al\u0131, \u00e7\u0131rp\u0131) gibi engeller bulunacakt\u0131r.<\/p>\n\n\n\n<p>Pistteki b\u00f6l\u00fcmlerin geni\u015fli\u011fi 50 cm, boyu 60 cm olacakt\u0131r. (su b\u00f6l\u00fcm\u00fc 50&#215;80 cm)<\/p>\n\n\n\n<p>Pist yap\u0131m\u0131nda 20\u00b12 mm siyah sunta malzeme kullan\u0131lacakt\u0131r.<\/p>\n\n\n\n<p>K\u00f6stebek \u00e7ukurun da bulanan delikler 10-12 cm aral\u0131\u011f\u0131nda olacakt\u0131r.<\/p>\n\n\n\n<p>Toprak tepenin y\u00fcksekli\u011fi 20 cm olacakt\u0131r. Toprak tepenin \u00fcst\u00fc d\u00fczle\u015ftirilecektir.<\/p>\n\n\n\n<p>Tahterevallinin tam ortas\u0131ndaki deste\u011fin zeminden y\u00fcksekli\u011fi 22 santimetre olacakt\u0131r. Tahterevalli tek par\u00e7a \u015feklinde, 58 cm boyunda, 45 cm geni\u015fli\u011finde konumlanacakt\u0131r.<\/p>\n\n\n\n<p>Su derinli\u011fi 5 santimetre olacakt\u0131r. Robotun t\u00fcm tekerlekleri suyla temas etmek zorundad\u0131r.<\/p>\n\n\n\n<p>Pist i\u00e7indeki b\u00f6l\u00fcmler 7 santimetrelik suntalar ile b\u00f6l\u00fcnm\u00fc\u015ft\u00fcr.<\/p>\n\n\n\n<p class=\"has-text-color has-link-color has-large-font-size wp-elements-c076a6eb3589daff5d514072b847cc4b\" style=\"color:#eef151\"><strong>&nbsp;Robot \u00d6zellikleri<\/strong><\/p>\n\n\n\n<p>Robotlar otonom olmak zorunda de\u011fildir, herhangi bir cihazla kablosuz kontrol edilebilir.<\/p>\n\n\n\n<p>Kablolu kontrollerin sa\u011fland\u0131\u011f\u0131 robotlar yar\u0131\u015fma i\u00e7in kabul edilmeyecektir.<\/p>\n\n\n\n<p>Robotlar\u0131n a\u011f\u0131rl\u0131k ve boyutlar\u0131nda bir s\u0131n\u0131rlama yoktur. Robotlar pist \u00f6l\u00e7\u00fclerini a\u015fmayacak \u015fekilde tasarlanmal\u0131d\u0131r. Piste zarar vermemelidir.<\/p>\n\n\n\n<p class=\"has-text-color has-link-color has-large-font-size wp-elements-2196d0549d09569480c4d3c18dffd06c\" style=\"color:#eef151\"><strong>&nbsp;Ceza ve Puanlama Sistemi<\/strong><\/p>\n\n\n\n<p>Etap puanlamalar\u0131 \u015fu \u015fekilde olacakt\u0131r<\/p>\n\n\n\n<p>Kaya: 50 Puan<\/p>\n\n\n\n<p>Rampa \u00c7\u0131k\u0131\u015f: 100 Puan<\/p>\n\n\n\n<p>K\u00f6stebek \u00c7ukur: 100 Puan<\/p>\n\n\n\n<p>Toprak Tepe: 150 Puan<\/p>\n\n\n\n<p>Rampa \u0130ni\u015f: 100 Puan<\/p>\n\n\n\n<p>Su: 250 Puan<\/p>\n\n\n\n<p>\u00c7amur: 250 Puan<\/p>\n\n\n\n<p>S\u00fcrpriz B\u00f6l\u00fcm-1: 200 Puan<\/p>\n\n\n\n<p>S\u00fcrpriz B\u00f6l\u00fcm-2: 200 Puan<\/p>\n\n\n\n<p>Kum: 100 Puan<\/p>\n\n\n\n<p>Tahterevalli: 400 Puan<\/p>\n\n\n\n<p>Orman: 100 Puan<\/p>\n\n\n\n<p>Toplam 2000 puan \u00fczerinden hesaplanacakt\u0131r.<\/p>\n\n\n\n<p>Yar\u0131\u015fma s\u0131ras\u0131nda en \u00e7ok puan\u0131 en k\u0131sa s\u00fcrede toplayan robot, yar\u0131\u015fmay\u0131 birinci olarak tamamlar. E\u011fer puanlar ayn\u0131 ise yar\u0131\u015fmac\u0131lar\u0131n yar\u0131\u015fmay\u0131 bitirme s\u00fcrelerine bak\u0131l\u0131r.<\/p>\n\n\n\n<p>Yar\u0131\u015fma alan\u0131ndaki robotlar, engeli ge\u00e7emedi\u011fi b\u00f6l\u00fcmlerde 30 saniye s\u00fcre cezas\u0131 ve engelden 0 puan al\u0131r. Yar\u0131\u015fmac\u0131, robotunu di\u011fer engelin ba\u015flang\u0131\u00e7 noktas\u0131na koyar. Bu m\u00fcdahale, bir m\u00fcdahale hakk\u0131n\u0131 kullanmaya sebep olur.<\/p>\n\n\n\n<p>Yar\u0131\u015fma esnas\u0131nda robotun teker say\u0131s\u0131n\u0131n yar\u0131 veya yar\u0131dan fazla tekerle\u011finin \u00e7\u0131kmas\u0131, 100 puan cezas\u0131 alma ve bir m\u00fcdahaleye sebep olur.<\/p>\n\n\n\n<p>Pist d\u0131\u015f\u0131na \u00e7\u0131kan robot, kendi imk\u00e2nlar\u0131 ile yar\u0131\u015fa geri gelemez ise yar\u0131\u015fmac\u0131, robota m\u00fcdahale eder. M\u00fcdahale olana kadar s\u00fcre devam eder; m\u00fcdahale an\u0131nda s\u00fcre durdurulur, yar\u0131\u015fmac\u0131 ba\u015flayana kadar s\u00fcre i\u015flemez. Bu m\u00fcdahale -200 ceza puan\u0131na ve bir m\u00fcdahale hakk\u0131n\u0131n kullan\u0131lmas\u0131na sebep olur.<\/p>\n\n\n\n<p>Yar\u0131\u015fma etaplar\u0131n\u0131, kestirme yoldan ge\u00e7mek ya da robotun bir k\u0131sm\u0131 pist d\u0131\u015f\u0131ndayken ge\u00e7mek o engelin tamamlanmad\u0131\u011f\u0131 anlam\u0131na gelir. Bu durumda robot, yar\u0131\u015fma hakeminin karar\u0131 ile o engelin en ba\u015f\u0131ndan tekrar ba\u015flat\u0131l\u0131r. Bu durum i\u00e7in 100 ceza puan\u0131 uygulan\u0131r. Tekrarlanmas\u0131 durumunda o engelin ge\u00e7ilemedi\u011fi kabul edilir.<\/p>\n\n\n\n<p>Yar\u0131\u015fma puanlamas\u0131 kurallar ve cezalar \u00e7er\u00e7evesinde ger\u00e7ekle\u015fir. Hakemler yar\u0131\u015fma esnas\u0131nda engellerin do\u011fru ge\u00e7ilip ge\u00e7ilmedi\u011fi hakk\u0131nda inisiyatif alabilir.<\/p>\n\n\n\n<p>T\u00fcm itirazlar hakem koordinat\u00f6rlerine yap\u0131lacakt\u0131r. Bu itirazlar yaz\u0131l\u0131 \u015fekilde sunulmal\u0131d\u0131r.<\/p>\n\n\n\n<p>T\u00fcm kategoriler ile birlikte bu kategoride de \u201cKategori \u00fcst\u00fc kurallar\u201d ge\u00e7erlidir.<\/p>\n\n\n\n<p class=\"has-text-align-center has-accent-3-color has-text-color has-link-color has-large-font-size wp-elements-7675f6bd6fb70be39f25e84564e2e92e\"><strong>T\u00fcm itirazlar hakem koordinat\u00f6rlerine yap\u0131lacakt\u0131r. Bu itirazlar yaz\u0131l\u0131 \u015fekilde sunulmal\u0131d\u0131r.<\/strong><\/p>\n\n\n\n<p class=\"has-text-align-center has-accent-3-color has-text-color has-link-color has-large-font-size wp-elements-f856f19dec11a8d3c78a990b9dc18c76\"><strong>T\u00fcm kategoriler ile birlikte bu kategoride de \u201cKategori \u00fcst\u00fc kurallar\u201d ge\u00e7erlidir.<\/strong><\/p>\n<\/div>\n\n\n\n<p class=\"has-text-color has-link-color has-large-font-size wp-elements-bb0b12947cb2a3d806a110a0a6681e0f\" style=\"color:#eef151\">Pist Resimleri<\/p>\n\n\n\n<figure class=\"wp-block-image aligncenter size-large is-resized\"><img loading=\"lazy\" decoding=\"async\" width=\"1024\" height=\"676\" src=\"https:\/\/robolutionkultur.com\/wp-content\/uploads\/2025\/10\/arazi1-1024x676.jpg\" alt=\"\" class=\"wp-image-304\" style=\"width:941px;height:auto\" srcset=\"https:\/\/robolutionkultur.com\/wp-content\/uploads\/2025\/10\/arazi1-1024x676.jpg 1024w, https:\/\/robolutionkultur.com\/wp-content\/uploads\/2025\/10\/arazi1-300x198.jpg 300w, https:\/\/robolutionkultur.com\/wp-content\/uploads\/2025\/10\/arazi1-768x507.jpg 768w, https:\/\/robolutionkultur.com\/wp-content\/uploads\/2025\/10\/arazi1.jpg 1111w\" sizes=\"auto, (max-width: 1024px) 100vw, 1024px\" \/><\/figure>\n\n\n\n<figure class=\"wp-block-image aligncenter size-large\"><img loading=\"lazy\" decoding=\"async\" width=\"1024\" height=\"888\" src=\"https:\/\/robolutionkultur.com\/wp-content\/uploads\/2025\/10\/arazi2-1024x888.jpg\" alt=\"\" class=\"wp-image-305\" srcset=\"https:\/\/robolutionkultur.com\/wp-content\/uploads\/2025\/10\/arazi2-1024x888.jpg 1024w, https:\/\/robolutionkultur.com\/wp-content\/uploads\/2025\/10\/arazi2-300x260.jpg 300w, https:\/\/robolutionkultur.com\/wp-content\/uploads\/2025\/10\/arazi2-768x666.jpg 768w, https:\/\/robolutionkultur.com\/wp-content\/uploads\/2025\/10\/arazi2-1536x1332.jpg 1536w, https:\/\/robolutionkultur.com\/wp-content\/uploads\/2025\/10\/arazi2-2048x1777.jpg 2048w\" sizes=\"auto, (max-width: 1024px) 100vw, 1024px\" \/><\/figure>\n<\/div>\n\n\n\n<p><\/p>\n","protected":false},"excerpt":{"rendered":"<p>Arazi Kategorisi &nbsp;G\u00f6rev Tan\u0131m\u0131 Bu kategoride robotlar daha \u00f6nceden belirlenen, zorluk d\u00fczeyi olan, \u00e7e\u015fitli engellerin bulundu\u011fu pistimizdeki b\u00f6l\u00fcmleri a\u015farak parkuru en az hata ile ve en k\u0131sa s\u00fcrede tamamlamaya \u00e7al\u0131\u015f\u0131rlar. &nbsp;Yar\u0131\u015fman\u0131n Genel \u00d6zellikleri Robotlar yar\u0131\u015fma g\u00fcn\u00fc a\u00e7\u0131klanacak olan kura sonu\u00e7lar\u0131na g\u00f6re s\u0131rayla yar\u0131\u015f\u0131rlar. Hakemler taraf\u0131ndan robotun kar\u015f\u0131la\u015fmaya \u00e7a\u011fr\u0131lmas\u0131ndan itibaren 2 dakika i\u00e7inde piste gelmeyen robot [&hellip;]<\/p>\n","protected":false},"author":1,"featured_media":0,"parent":0,"menu_order":0,"comment_status":"closed","ping_status":"closed","template":"page-no-title","meta":{"footnotes":""},"class_list":["post-298","page","type-page","status-publish","hentry"],"_links":{"self":[{"href":"https:\/\/robolutionkultur.com\/index.php?rest_route=\/wp\/v2\/pages\/298","targetHints":{"allow":["GET"]}}],"collection":[{"href":"https:\/\/robolutionkultur.com\/index.php?rest_route=\/wp\/v2\/pages"}],"about":[{"href":"https:\/\/robolutionkultur.com\/index.php?rest_route=\/wp\/v2\/types\/page"}],"author":[{"embeddable":true,"href":"https:\/\/robolutionkultur.com\/index.php?rest_route=\/wp\/v2\/users\/1"}],"replies":[{"embeddable":true,"href":"https:\/\/robolutionkultur.com\/index.php?rest_route=%2Fwp%2Fv2%2Fcomments&post=298"}],"version-history":[{"count":8,"href":"https:\/\/robolutionkultur.com\/index.php?rest_route=\/wp\/v2\/pages\/298\/revisions"}],"predecessor-version":[{"id":456,"href":"https:\/\/robolutionkultur.com\/index.php?rest_route=\/wp\/v2\/pages\/298\/revisions\/456"}],"wp:attachment":[{"href":"https:\/\/robolutionkultur.com\/index.php?rest_route=%2Fwp%2Fv2%2Fmedia&parent=298"}],"curies":[{"name":"wp","href":"https:\/\/api.w.org\/{rel}","templated":true}]}}