{"id":3,"date":"2025-02-26T13:23:09","date_gmt":"2025-02-26T13:23:09","guid":{"rendered":"https:\/\/robolutionkultur.com\/?page_id=3"},"modified":"2025-12-26T10:20:08","modified_gmt":"2025-12-26T10:20:08","slug":"temel-cizgi-izleyen","status":"publish","type":"page","link":"https:\/\/robolutionkultur.com\/?page_id=3","title":{"rendered":"Temel \u00c7izgi \u0130zleyen"},"content":{"rendered":"\n<div class=\"wp-block-group alignfull has-base-color has-text-color has-background has-global-padding is-layout-constrained wp-container-core-group-is-layout-8e1a2553 wp-block-group-is-layout-constrained\" style=\"background-color:#101920;margin-top:0;margin-bottom:0;padding-top:var(--wp--preset--spacing--60);padding-right:var(--wp--preset--spacing--60);padding-bottom:var(--wp--preset--spacing--60);padding-left:var(--wp--preset--spacing--60)\">\n<p class=\"has-text-align-center has-text-color has-link-color has-x-large-font-size wp-elements-8c36f47d39e027341800072ad2ec5a50\" style=\"color:#eef151\"><strong>Temel \u00c7izgi \u0130zleyen<\/strong> <strong>Kategorisi<\/strong><\/p>\n\n\n\n<hr class=\"wp-block-separator has-text-color has-base-color has-alpha-channel-opacity has-base-background-color has-background is-style-wide\"\/>\n\n\n\n<p class=\"has-text-color has-link-color has-large-font-size wp-elements-1094779faec17a85edf54e49c48293ba\" style=\"color:#eef151\"><strong>Ama\u00e7<\/strong><\/p>\n\n\n\n<p class=\"has-base-2-color has-text-color has-link-color wp-elements-c1eacbfdb195bec33a25c17966cb3580\">\u00c7izgi izleyen robotlar, beyaz zemin \u00fczerindeki siyah \u00e7izgiyi ya da siyah zemin \u00fczerindeki beyaz \u00e7izgiyi otonom takip etmek amac\u0131yla tasarlan\u0131rlar. End\u00fcstriyel alanda, s\u00fcrekli bir yerden ba\u015fka bir yere malzeme ta\u015f\u0131ma i\u015flerinde bu otonom \u00e7izgi izleyen robotlar kullan\u0131l\u0131r. Yap\u0131lmas\u0131 gereken, robotlar\u0131n takip edecekleri yol \u00e7izgisinin zemine \u00e7izilmesidir. \u00c7izgi izleyen robotlarda \u00e7izgiyi kaybetmemeyi sa\u011flayacak olan; do\u011fru program, donan\u0131msal kontrol ve h\u0131zd\u0131r.<br>Bu kategorideki otonom \u00e7izgi izleyen robotlar, siyah parkur \u00fczerindeki beyaz \u00e7izgileri takip ederek, en k\u0131sa s\u00fcrede ve hatas\u0131z yolu tamamlamaya \u00e7al\u0131\u015f\u0131rlar.<br>Ama\u00e7, yar\u0131\u015fmada belirlenen parkuru en k\u0131sa s\u00fcrede ve en az ceza puan\u0131 ile tamamlamakt\u0131r.<\/p>\n\n\n\n<p class=\"has-text-color has-link-color has-large-font-size wp-elements-cc8a9c8fbfe25a9432e0bac1e6aa5e9b\" style=\"color:#eef151\"><strong>Yar\u0131\u015fma Robotlar\u0131n\u0131n \u00d6zellikleri<\/strong><\/p>\n\n\n\n<hr class=\"wp-block-separator has-alpha-channel-opacity\"\/>\n\n\n\n<p class=\"has-text-color has-link-color wp-elements-55b68acb22d6ab32ed798263f441c6bc\" style=\"color:#eef151\"><strong>a.Robot \u00d6l\u00e7\u00fcleri<\/strong><\/p>\n\n\n\n<p class=\"has-base-color has-text-color has-link-color wp-elements-ca8a74d98b09d45faf29ed98fdd394df\">Temel \u00e7izgi izleyen robot kategorisinde yar\u0131\u015facak robotlar\u0131n, boyunun 280 mm\u2019yi eninin ise 180 mm\u2019yi ge\u00e7memesi gerekmektedir. (Tekerlekler dahil)<\/p>\n\n\n\n<p class=\"has-base-color has-text-color has-link-color wp-elements-859c1c20865c199db8329b66f42dd5c1\">&nbsp;<a href=\"https:\/\/www.ozelbursakulturokullari.com\/bkrobotics\/images\/temel1.jpg\"><\/a><\/p>\n\n\n\n<figure class=\"wp-block-image size-full is-resized\"><img loading=\"lazy\" decoding=\"async\" width=\"359\" height=\"281\" src=\"https:\/\/robolutionkultur.com\/wp-content\/uploads\/2025\/12\/temel1.jpg\" alt=\"\" class=\"wp-image-395\" style=\"width:395px;height:auto\" srcset=\"https:\/\/robolutionkultur.com\/wp-content\/uploads\/2025\/12\/temel1.jpg 359w, https:\/\/robolutionkultur.com\/wp-content\/uploads\/2025\/12\/temel1-300x235.jpg 300w\" sizes=\"auto, (max-width: 359px) 100vw, 359px\" \/><\/figure>\n\n\n\n<p class=\"has-base-color has-text-color has-link-color wp-elements-2ad87318d10491b56e72d9fae2dba738\">\u015eekil 1. Temel seviye robot \u00f6l\u00e7\u00fcleri<\/p>\n\n\n\n<p class=\"has-text-color has-link-color wp-elements-dc012918208492e159539cec48c1e096\" style=\"color:#eef151\"><strong>b.Robotta Kullan\u0131lacak Malzemeler<\/strong><\/p>\n\n\n\n<ol class=\"wp-block-list\">\n<li class=\"has-base-color has-text-color has-link-color wp-elements-f814696b4afb6f8e4344b08ab7292c7c\">Kontrol kart\u0131: Herhangi bir mikrokontrol\u00f6r\u00fc veya haz\u0131r mikrokontrol\u00f6r kartlar\u0131 kullan\u0131labilir.<\/li>\n\n\n\n<li class=\"has-base-color has-text-color has-link-color wp-elements-45128302637d3b1290d049814639d118\">Motor s\u00fcr\u00fcc\u00fc: Haz\u0131r Motor Shield\u2019ler (Motor S\u00fcr\u00fcc\u00fc Mod\u00fclleri) veya herhangi bir elektronik kompanentle haz\u0131rlad\u0131\u011f\u0131n\u0131z motor s\u00fcr\u00fcc\u00fcleri kullan\u0131labilir.<\/li>\n\n\n\n<li class=\"has-base-color has-text-color has-link-color wp-elements-ee38284c53a95ff532d6d43a2cd49c23\">DC motor: L red\u00fckt\u00f6rl\u00fc 6-12V plastik di\u015flili DC Motor kullan\u0131lmas\u0131 zorunludur.<\/li>\n\n\n\n<li class=\"has-base-color has-text-color has-link-color wp-elements-5ce837cbf03a6301b94f39703188897b\">Tekerlek: \u00c7ap\u0131 65 mm\u2019yi ve kal\u0131nl\u0131\u011f\u0131 30 mm\u2019yi ge\u00e7meyen tekerlek kullan\u0131lacakt\u0131r. Yar\u0131\u015fmac\u0131lar, kullanacaklar\u0131 tekerlekleri bu \u00f6zellikte olacak \u015fekilde imal edebilirler veya bu \u00f6zellikte olan tekerlekleri kullanabilirler.<\/li>\n\n\n\n<li class=\"has-base-color has-text-color has-link-color wp-elements-ae03f4ce95ebdf05e1bfc50a92ab637c\">Maksimum 8&#8217;li \u00e7izgi sens\u00f6r kart\u0131 kullan\u0131labilir.<\/li>\n\n\n\n<li class=\"has-base-color has-text-color has-link-color wp-elements-1d74938649a69972f3707162fc6b8715\">Batarya kutusu ile sarho\u015f teker iste\u011fe ba\u011fl\u0131 olarak kullan\u0131labilir.<\/li>\n\n\n\n<li class=\"has-base-color has-text-color has-link-color wp-elements-9052d2df18c8a3c3066845e35528ffd8\">Temel seviyeye kat\u0131lacak robotlar\u0131n 2 motor ve 2 tekerlekli olma zorunlulu\u011fu vard\u0131r. Vakum motoru kullan\u0131lamaz.<\/li>\n<\/ol>\n\n\n\n<p class=\"has-text-color has-link-color has-large-font-size wp-elements-8c16e753e06c0a6f0597f11cc1618d46\" style=\"color:#eef151\"><strong>Pist \u00d6zellikleri<\/strong><\/p>\n\n\n\n<hr class=\"wp-block-separator has-alpha-channel-opacity\"\/>\n\n\n\n<ol class=\"wp-block-list\">\n<li class=\"has-base-color has-text-color has-link-color wp-elements-095e0699df080864668798af57d42982\">Yollar siyah \u00fczerine beyaz \u00e7izgi \u015feklindedir.<\/li>\n\n\n\n<li class=\"has-base-color has-text-color has-link-color wp-elements-644ad012feeae17c702b31b9b61faa62\">Siyah zemin 5 mm kal\u0131nl\u0131\u011f\u0131nda siyah mat dekota malzemeden yap\u0131lm\u0131\u015ft\u0131r. Zemin bloklar\u0131n\u0131n birle\u015fim yerleri siyah mat folyo ile kaplanacakt\u0131r.<\/li>\n\n\n\n<li class=\"has-base-color has-text-color has-link-color wp-elements-fbde077d7f341121038d20680c09c39e\">Siyah zemin \u00fczerindeki yol \u00e7izgileri, ana yolun ortas\u0131nda 20\u00b12mm kal\u0131nl\u0131\u011f\u0131nda beyaz mat folyodan yap\u0131lm\u0131\u015ft\u0131r.<\/li>\n\n\n\n<li class=\"has-base-color has-text-color has-link-color wp-elements-0b8828bf717a093f9ba882881a3f6f56\">Ba\u015flama\/Biti\u015f \u00e7izgisi yol ba\u015flang\u0131c\u0131ndan 400 mm i\u00e7eridedir.<\/li>\n\n\n\n<li class=\"has-base-color has-text-color has-link-color wp-elements-78b49d6cef28fca798dd9c659dac3a28\">Ba\u015flama\/Biti\u015f \u00e7izgisi kenarlar\u0131nda 10 mm y\u00fcksekli\u011finde sens\u00f6rler kullan\u0131lm\u0131\u015ft\u0131r.<\/li>\n\n\n\n<li class=\"has-base-color has-text-color has-link-color wp-elements-6840077d9eb5087d8422f06735d14bc2\">Yar\u0131\u015fma pisti \u00fczerinde be\u015f adet ara ba\u015flang\u0131\u00e7 noktas\u0131 vard\u0131r. Ara ba\u015flang\u0131\u00e7 noktalar\u0131 \u015fekil 2\u2019de A, B ,C, D ve E harfleri ile g\u00f6sterilmi\u015ftir.<\/li>\n\n\n\n<li class=\"has-base-color has-text-color has-link-color wp-elements-d0b8d2bf1f5483930281c0172fa0a5de\">Ara ba\u015flang\u0131\u00e7 \u00e7izgisi, yol \u00e7izgisine 900 dik olacak \u015fekilde yerle\u015ftirilmi\u015ftir.<\/li>\n\n\n\n<li class=\"has-base-color has-text-color has-link-color wp-elements-70e94ff1aede8f2534dffff0193b72d3\">Ara ba\u015flang\u0131\u00e7 \u00e7izgisinin toplam boyu 40 mm dir. Yol \u00e7izgisinin merkezi dikkate al\u0131narak yerle\u015ftirilmi\u015ftir. (\u015eekil 3)<\/li>\n\n\n\n<li class=\"has-base-color has-text-color has-link-color wp-elements-b75361e68cecca108e37b6b5a1c262a8\">D ve E noktalar\u0131 aras\u0131ndaki sonsuzluk i\u015fareti \u015feklindeki yolda robot ye\u015fil ya da sar\u0131 oklarla g\u00f6sterilen g\u00fczergah\u0131 izlemelidir<\/li>\n<\/ol>\n\n\n\n<figure class=\"wp-block-image size-full\"><img loading=\"lazy\" decoding=\"async\" width=\"566\" height=\"183\" src=\"https:\/\/robolutionkultur.com\/wp-content\/uploads\/2025\/12\/temel3.jpg\" alt=\"\" class=\"wp-image-396\" srcset=\"https:\/\/robolutionkultur.com\/wp-content\/uploads\/2025\/12\/temel3.jpg 566w, https:\/\/robolutionkultur.com\/wp-content\/uploads\/2025\/12\/temel3-300x97.jpg 300w\" sizes=\"auto, (max-width: 566px) 100vw, 566px\" \/><\/figure>\n\n\n\n<figure class=\"wp-block-image size-full is-resized\"><img loading=\"lazy\" decoding=\"async\" width=\"485\" height=\"202\" src=\"https:\/\/robolutionkultur.com\/wp-content\/uploads\/2025\/12\/temel4.jpg\" alt=\"\" class=\"wp-image-397\" style=\"width:565px;height:auto\" srcset=\"https:\/\/robolutionkultur.com\/wp-content\/uploads\/2025\/12\/temel4.jpg 485w, https:\/\/robolutionkultur.com\/wp-content\/uploads\/2025\/12\/temel4-300x125.jpg 300w\" sizes=\"auto, (max-width: 485px) 100vw, 485px\" \/><\/figure>\n\n\n\n<p class=\"has-text-color has-link-color has-large-font-size wp-elements-2672f55e2ed4c5097b30fc6f7099b112\" style=\"color:#eef151\"><strong>A\u00e7\u0131klama<\/strong><\/p>\n\n\n\n<ol class=\"wp-block-list\">\n<li class=\"has-base-color has-text-color has-link-color wp-elements-eda0e358939b3b6bc8e428a6aad252cd\">Her robot s\u0131rayla yar\u0131\u015f\u0131r, bu s\u0131ra bilgisayar kuras\u0131 ile belirlenir.<\/li>\n\n\n\n<li class=\"has-base-color has-text-color has-link-color wp-elements-1c96be0b04e5a5f13059d69eba69ae45\">Robotlar yar\u0131\u015fmaya ba\u015flamadan \u00f6nce boyutlar\u0131 test kutusunda test edilir. (Test kutusunun \u00f6l\u00e7\u00fcleri 280 x 180 x 65 mm)<\/li>\n\n\n\n<li class=\"has-base-color has-text-color has-link-color wp-elements-e30622383e1c075dd7761b0d75a802a7\">Robotlar pistte 1 tur atarlar.<\/li>\n\n\n\n<li class=\"has-base-color has-text-color has-link-color wp-elements-9ae42d1f367eb9c769cd423b606aa63a\">Yar\u0131\u015fma, zamana kar\u015f\u0131 yap\u0131lacakt\u0131r. S\u00fcre, pist \u00fczerindeki kronometre ile tutulacakt\u0131r.<\/li>\n\n\n\n<li class=\"has-base-color has-text-color has-link-color wp-elements-4c1e9075b1b6b48c52bc3593464a2d7a\">Robot, ba\u015flang\u0131\u00e7\/biti\u015f \u00e7izgisi \u00fczerinde bulunan sens\u00f6r hizas\u0131ndan ge\u00e7ti\u011fi anda kronometre saymaya ba\u015flayacakt\u0131r. Robot pisti tamamlayarak tekrar ba\u015flang\u0131\u00e7\/biti\u015f \u00e7izgisini ge\u00e7ti\u011finde ise kronometre sayma i\u015flemini durdurarak yar\u0131\u015fmay\u0131 bitirecektir.<\/li>\n\n\n\n<li class=\"has-base-color has-text-color has-link-color wp-elements-597eb75b9b7f861e519449f8c9b9468e\">Hakem i\u015faretinden sonra start yapamayan robota, tekrar kalibrasyon yapmas\u0131 i\u00e7in hak verilir. Yar\u0131\u015fmac\u0131lar\u0131n 3 start hakk\u0131 vard\u0131r.<\/li>\n\n\n\n<li class=\"has-base-color has-text-color has-link-color wp-elements-99f6b1189370fb644568900a5b3f2915\">Robotlar\u0131n \u015eekil 4\u2019te belirtilen hareket y\u00f6n\u00fcnde pistte hareket etmeleri gerekir.<\/li>\n\n\n\n<li class=\"has-base-color has-text-color has-link-color wp-elements-41bbd76a6751940168698e33f3ca414f\">Test kutusunu ge\u00e7en robotlar\u0131n a\u011f\u0131rl\u0131\u011f\u0131 \u00f6l\u00e7\u00fcl\u00fcr. Hakemler taraf\u0131ndan kaydedilir. A\u011f\u0131rl\u0131k \u00f6l\u00e7\u00fcm\u00fcne pil dahildir. Aksi bir durum tespit edilmesi durumunda robot diskalifiye edilir.<\/li>\n\n\n\n<li class=\"has-base-color has-text-color has-link-color wp-elements-2eaab316f80bf97baab3fc04ca625cb6\">Robotlar\u0131n \u00e7izgiyi takip etmeleri esast\u0131r. Robotun yoldan \u00e7\u0131kmas\u0131, robotun g\u00f6vdesinin siyah yoldan tamamen beyaz zemin \u00fczerine inmesidir.<\/li>\n\n\n\n<li class=\"has-base-color has-text-color has-link-color wp-elements-2d386d586a9d793a0ffcbb8b4b395173\">Robotun yoldan \u00e7\u0131kmas\u0131 durumunda (hakem karar\u0131 ile) robot, \u00e7\u0131kt\u0131\u011f\u0131 noktaya g\u00f6re belirtilen ara ba\u015flang\u0131\u00e7 \u00e7izgisinin gerisine konularak yar\u0131\u015fmaya devam edilir. Bu arada s\u00fcre i\u015flemeye devam eder.<\/li>\n\n\n\n<li class=\"has-base-color has-text-color has-link-color wp-elements-53da92cb57baf23e09acac774ad5fe5b\">Ba\u015flang\u0131\u00e7 \u00e7izgileri aras\u0131nda kalan b\u00f6l\u00fcmlerin tamamlanmas\u0131 i\u00e7in robotun bir sonraki ba\u015flang\u0131\u00e7 \u00e7izgisine temas etmesi gerekmektedir.<\/li>\n\n\n\n<li class=\"has-base-color has-text-color has-link-color wp-elements-35f637990f530bd2102038b21e57e958\">Robot, ba\u015flang\u0131\u00e7\/biti\u015f \u00e7izgisi ile A ara ba\u015flang\u0131\u00e7 \u00e7izgisi aras\u0131nda yoldan \u00e7\u0131karsa robot ba\u015flang\u0131\u00e7\/biti\u015f \u00e7izgisi gerisine konularak yar\u0131\u015fmaya devam edilir. (Bu durum yoldan \u00e7\u0131kma say\u0131l\u0131r.)<\/li>\n\n\n\n<li class=\"has-base-color has-text-color has-link-color wp-elements-f3a2a7f157c3e1963ad0e36576414891\">Robot, A ara ba\u015flang\u0131\u00e7 \u00e7izgisi ile B ara ba\u015flang\u0131\u00e7 \u00e7izgisi aras\u0131nda herhangi bir yerde yoldan \u00e7\u0131karsa A ba\u015flang\u0131\u00e7 \u00e7izgisinin gerisine konularak yar\u0131\u015fmaya devam edilir. (Bu durum yoldan \u00e7\u0131kma say\u0131l\u0131r.)<\/li>\n\n\n\n<li class=\"has-base-color has-text-color has-link-color wp-elements-fb977a344de621a1e1c3dedeccc92fae\">Robot, B ara ba\u015flang\u0131\u00e7 \u00e7izgisi ile C ara ba\u015flang\u0131\u00e7 \u00e7izgisi aras\u0131nda herhangi bir yerde yoldan \u00e7\u0131karsa B ba\u015flang\u0131\u00e7 \u00e7izgisinin gerisine konularak yar\u0131\u015fmaya devam edilir. (Bu durum yoldan \u00e7\u0131kma say\u0131l\u0131r.)<\/li>\n\n\n\n<li class=\"has-base-color has-text-color has-link-color wp-elements-0c4d7865b2c2f75b2cd76d461e704bf9\">Robot, C ara ba\u015flang\u0131\u00e7 \u00e7izgisi ile D ara ba\u015flang\u0131\u00e7 \u00e7izgisi aras\u0131nda herhangi bir yerde yoldan \u00e7\u0131karsa C ara ba\u015flang\u0131\u00e7 \u00e7izgisinin gerisine konularak yar\u0131\u015fmaya devam edilir. (Bu durum yoldan \u00e7\u0131kma say\u0131l\u0131r.)<\/li>\n\n\n\n<li class=\"has-base-color has-text-color has-link-color wp-elements-7cacd409048d5c08128af34b8f6252b4\">Robot, D ara ba\u015flang\u0131\u00e7 \u00e7izgisi ile E ara ba\u015flang\u0131\u00e7 \u00e7izgisi aras\u0131nda herhangi bir yerde yoldan \u00e7\u0131karsa D ara ba\u015flang\u0131\u00e7 \u00e7izgisinin gerisine konularak yar\u0131\u015fmaya devam edilir. (Bu durum yoldan \u00e7\u0131kma say\u0131l\u0131r.)<\/li>\n\n\n\n<li class=\"has-base-color has-text-color has-link-color wp-elements-ad0740e1af6f6ba01ce4dabe55e521b9\">Robot, E ara ba\u015flang\u0131\u00e7 \u00e7izgisi ile ba\u015flang\u0131\u00e7\/biti\u015f \u00e7izgisi aras\u0131nda herhangi bir yerde yoldan \u00e7\u0131karsa E ara ba\u015flang\u0131\u00e7 \u00e7izgisinin gerisine konularak yar\u0131\u015fmaya devam edilir. (Bu durum yoldan \u00e7\u0131kma say\u0131l\u0131r.)<\/li>\n\n\n\n<li class=\"has-base-color has-text-color has-link-color wp-elements-df23b18a76d6c28b3051a310e5eef83c\">Robot be\u015finci (5.) defa yoldan \u00e7\u0131karsa diskalifiye edilir.<\/li>\n\n\n\n<li class=\"has-base-color has-text-color has-link-color wp-elements-fa28d945ec678eca9d2f073bcf4aef80\">Bir robot en fazla 3 dakika s\u00fcreyle pistte yar\u0131\u015fabilir.<\/li>\n\n\n\n<li class=\"has-base-color has-text-color has-link-color wp-elements-7a4dfd49523454a59ef9d8ee26427e15\">S\u0131ralama yar\u0131\u015fmalar\u0131 sonunda, robotlar\u0131n yar\u0131\u015fmay\u0131 bitirme s\u00fcrelerine g\u00f6re s\u0131ralama yap\u0131l\u0131r.<\/li>\n\n\n\n<li class=\"has-base-color has-text-color has-link-color wp-elements-4eb7e669e07ecd46a787c3327ead3c29\">S\u00fcre e\u015fitli\u011finde robotlar\u0131n a\u011f\u0131rl\u0131\u011f\u0131na bak\u0131l\u0131r, hafif robot kazanm\u0131\u015f say\u0131l\u0131r.<\/li>\n\n\n\n<li class=\"has-base-color has-text-color has-link-color wp-elements-f2fa09feed39d1204f40a817cd733889\">E\u015fitlik bozulmazsa yar\u0131\u015fmac\u0131 \u00f6\u011frencilerin ya\u015flar\u0131 toplam\u0131na bak\u0131l\u0131r. En k\u00fc\u00e7\u00fck ya\u015fa sahip tak\u0131m\u0131n robotu s\u0131ralamada \u00f6ncelik kazan\u0131r.<\/li>\n\n\n\n<li class=\"has-base-color has-text-color has-link-color wp-elements-26985ea974050eabeb699c1f189d7366\">S\u0131ralama sonunda ilk 20 robot ayn\u0131 pistte yeni bir kura \u00e7ekili\u015fi ile belirlenen s\u0131ra ile tekrar yar\u0131\u015farak ilk \u00fc\u00e7e girmeye \u00e7al\u0131\u015f\u0131rlar.<\/li>\n<\/ol>\n\n\n\n<p class=\"has-text-color has-link-color has-large-font-size wp-elements-37abaa0061b376c33e6aa7ba803688c7\" style=\"color:#eef151\"><strong>Di\u011fer Kurallar<\/strong><\/p>\n\n\n\n<hr class=\"wp-block-separator has-alpha-channel-opacity\"\/>\n\n\n\n<ol class=\"wp-block-list\">\n<li class=\"has-base-color has-text-color has-link-color wp-elements-e83afc92f863a26f7c40b1905e21738d\">Mola, bak\u0131m veya tamir zaman\u0131 verilmez.<\/li>\n\n\n\n<li class=\"has-base-color has-text-color has-link-color wp-elements-f42dd28ad9e48061436953001069bafe\">Yola kal\u0131c\u0131 bir iz veya i\u015faret b\u0131rak\u0131lamaz, zarar verilemez. Piste zarar veren robotlar diskalifiye edilir.<\/li>\n\n\n\n<li class=\"has-base-color has-text-color has-link-color wp-elements-aeec99961c3533b0186656c29986b633\">Robotlar pil veya batarya grubu gibi bir enerji kayna\u011f\u0131 kullanabilir, s\u0131v\u0131 yan\u0131c\u0131 enerji kaynaklar\u0131 kullanamaz.<\/li>\n\n\n\n<li class=\"has-base-color has-text-color has-link-color wp-elements-b71a7399e07c0461917e9b475ef8e26c\">Yar\u0131\u015fmalar s\u0131ras\u0131nda, robotlar\u0131n lastik teker ve pil de\u011fi\u015fikli\u011finden ba\u015fka robotlar \u00fczerinde bir de\u011fi\u015fiklik yap\u0131lamaz. Robot g\u00f6vdesinin de\u011fi\u015ftirilmesi gibi fiziksel g\u00f6r\u00fcn\u00fcm de\u011fi\u015fikliklerin hepsinde robot diskalifiye edilir.<\/li>\n\n\n\n<li class=\"has-base-color has-text-color has-link-color wp-elements-d786eb3d1bebeeba327f81c83d213bd9\">Yar\u0131\u015fmalar s\u0131ras\u0131nda kay\u0131t masas\u0131nda yap\u0131\u015ft\u0131r\u0131lan kare kodun s\u00f6k\u00fclmesi, yerinin de\u011fi\u015ftirilmesi ve kare kodun zarar g\u00f6rmesi durumlar\u0131nda robot diskalifiye edilir.<\/li>\n\n\n\n<li class=\"has-base-color has-text-color has-link-color wp-elements-5407b0814261e7d8e883bf6dde106f1a\">Hakem masas\u0131nda sistemde kay\u0131tl\u0131 yar\u0131\u015fmac\u0131 robot foto\u011fraflar\u0131 ile e\u015fle\u015fmeyen robotlar diskalifiye edilir.<\/li>\n\n\n\n<li class=\"has-base-color has-text-color has-link-color wp-elements-6a9f266fd798bda621b98879f851f73b\">Elektronik elemanlar\u0131n de\u011fi\u015ftirilmesi gerekti\u011finde ayn\u0131 tip elemanlar ayn\u0131 yerde olacak \u015fekilde de\u011fi\u015ftirilebilir. Elemanlar\u0131n de\u011fi\u015ftirilmesi s\u0131ras\u0131nda kare kodun zarar g\u00f6rmemesi gerekir. Aksi durumda robot diskalifiye edilir.<\/li>\n\n\n\n<li class=\"has-base-color has-text-color has-link-color wp-elements-d9308ff5c9267c439ffb92143b751d03\">Kare kod robot g\u00f6vdesine yap\u0131\u015ft\u0131r\u0131lmal\u0131d\u0131r. S\u00f6k\u00fcl\u00fcp tak\u0131labilen malzemelerin \u00fczerine yap\u0131\u015ft\u0131r\u0131lmamal\u0131d\u0131r. Bu t\u00fcr durumlarda hakem robotla ilgili bir sorunda robotu diskalifiye eder.<\/li>\n\n\n\n<li class=\"has-base-color has-text-color has-link-color wp-elements-3418a73cc0cc57b35eb7afb82db1eb91\">Pistlerdeki \u00f6l\u00e7\u00fclerde, yap\u0131m a\u015famas\u0131nda genel yap\u0131y\u0131 bozmayacak de\u011fi\u015fiklikler olabilir.<\/li>\n\n\n\n<li class=\"has-base-color has-text-color has-link-color wp-elements-8eed4fcdbd72c0230147e84d09dfe558\">Yar\u0131\u015fmalar s\u0131ras\u0131nda, pist etraf\u0131ndaki \u0131\u015f\u0131kl\u0131 kayan yaz\u0131, kamera ve ayd\u0131nlatmalardan dolay\u0131 yap\u0131lan itirazlar ge\u00e7ersiz say\u0131lacakt\u0131r.<\/li>\n\n\n\n<li class=\"has-base-color has-text-color has-link-color wp-elements-2fd388d3871988489d467c862efc5dd8\">Yar\u0131\u015fma Organizasyon Komitesi gerekli g\u00f6rd\u00fc\u011f\u00fc durumlarda kurallar\u0131 de\u011fi\u015ftirme hakk\u0131na sahiptir.<\/li>\n<\/ol>\n\n\n\n<p class=\"has-text-align-center has-text-color has-link-color has-large-font-size wp-elements-c87939a8e137e6f0e7e92105b2d9c200\" style=\"color:#f95050\"><strong>T\u00fcm itirazlar hakem koordinat\u00f6rlerine yap\u0131lacakt\u0131r. Bu itirazlar yaz\u0131l\u0131 \u015fekilde sunulmal\u0131d\u0131r.<\/strong><\/p>\n\n\n\n<p class=\"has-text-align-center has-text-color has-link-color has-large-font-size wp-elements-39232684bb7814d9fb5bdc274ed039e3\" style=\"color:#f95050\"><strong>T\u00fcm kategoriler ile birlikte bu kategoride de \u201cKategori \u00fcst\u00fc kurallar\u201d ge\u00e7erlidir.<\/strong><\/p>\n<\/div>\n","protected":false},"excerpt":{"rendered":"<p>Temel \u00c7izgi \u0130zleyen Kategorisi Ama\u00e7 \u00c7izgi izleyen robotlar, beyaz zemin \u00fczerindeki siyah \u00e7izgiyi ya da siyah zemin \u00fczerindeki beyaz \u00e7izgiyi otonom takip etmek amac\u0131yla tasarlan\u0131rlar. End\u00fcstriyel alanda, s\u00fcrekli bir yerden ba\u015fka bir yere malzeme ta\u015f\u0131ma i\u015flerinde bu otonom \u00e7izgi izleyen robotlar kullan\u0131l\u0131r. Yap\u0131lmas\u0131 gereken, robotlar\u0131n takip edecekleri yol \u00e7izgisinin zemine \u00e7izilmesidir. \u00c7izgi izleyen robotlarda \u00e7izgiyi [&hellip;]<\/p>\n","protected":false},"author":1,"featured_media":68,"parent":0,"menu_order":0,"comment_status":"open","ping_status":"closed","template":"page-no-title","meta":{"footnotes":""},"class_list":["post-3","page","type-page","status-publish","has-post-thumbnail","hentry"],"_links":{"self":[{"href":"https:\/\/robolutionkultur.com\/index.php?rest_route=\/wp\/v2\/pages\/3","targetHints":{"allow":["GET"]}}],"collection":[{"href":"https:\/\/robolutionkultur.com\/index.php?rest_route=\/wp\/v2\/pages"}],"about":[{"href":"https:\/\/robolutionkultur.com\/index.php?rest_route=\/wp\/v2\/types\/page"}],"author":[{"embeddable":true,"href":"https:\/\/robolutionkultur.com\/index.php?rest_route=\/wp\/v2\/users\/1"}],"replies":[{"embeddable":true,"href":"https:\/\/robolutionkultur.com\/index.php?rest_route=%2Fwp%2Fv2%2Fcomments&post=3"}],"version-history":[{"count":17,"href":"https:\/\/robolutionkultur.com\/index.php?rest_route=\/wp\/v2\/pages\/3\/revisions"}],"predecessor-version":[{"id":455,"href":"https:\/\/robolutionkultur.com\/index.php?rest_route=\/wp\/v2\/pages\/3\/revisions\/455"}],"wp:featuredmedia":[{"embeddable":true,"href":"https:\/\/robolutionkultur.com\/index.php?rest_route=\/wp\/v2\/media\/68"}],"wp:attachment":[{"href":"https:\/\/robolutionkultur.com\/index.php?rest_route=%2Fwp%2Fv2%2Fmedia&parent=3"}],"curies":[{"name":"wp","href":"https:\/\/api.w.org\/{rel}","templated":true}]}}