{"id":314,"date":"2025-10-23T09:02:55","date_gmt":"2025-10-23T09:02:55","guid":{"rendered":"https:\/\/robolutionkultur.com\/?page_id=314"},"modified":"2025-12-25T08:56:14","modified_gmt":"2025-12-25T08:56:14","slug":"futro","status":"publish","type":"page","link":"https:\/\/robolutionkultur.com\/?page_id=314","title":{"rendered":"Futro"},"content":{"rendered":"\n<div class=\"wp-block-group alignfull has-base-color has-text-color has-background is-layout-flow wp-block-group-is-layout-flow\" style=\"background-color:#101920;margin-top:0;margin-bottom:0;padding-top:var(--wp--preset--spacing--60);padding-right:var(--wp--preset--spacing--60);padding-bottom:var(--wp--preset--spacing--60);padding-left:var(--wp--preset--spacing--60)\">\n<div class=\"wp-block-group has-global-padding is-layout-constrained wp-container-core-group-is-layout-5fb0786f wp-block-group-is-layout-constrained\">\n<p class=\"has-text-align-center has-text-color has-link-color has-x-large-font-size wp-elements-12bc45512dafc652fa5479b22fe31ea8\" style=\"color:#eef151\"><strong>Futro Kategorisi<\/strong><\/p>\n\n\n\n<hr class=\"wp-block-separator has-text-color has-base-color has-alpha-channel-opacity has-base-background-color has-background is-style-wide\"\/>\n\n\n\n<p class=\"has-text-color has-link-color has-large-font-size wp-elements-644e4566870007b13b29a7dc1cdc92e0\" style=\"color:#eef151\"><strong>Ama\u00e7<\/strong><\/p>\n\n\n\n<p>Futro kategorisi; \u00f6\u011frencilerin robotik tasar\u0131m, manuel kontrol ve tak\u0131m \u00e7al\u0131\u015fmas\u0131 becerilerini geli\u015ftirmeyi ama\u00e7layan, e\u011flence ile rekabeti bir araya getiren bir robot futbolu yar\u0131\u015fmas\u0131d\u0131r. Kat\u0131l\u0131mc\u0131lar, tasarlad\u0131klar\u0131 ve kontrol ettikleri robotlarla belirlenen s\u00fcre i\u00e7inde rakip tak\u0131ma kar\u015f\u0131 m\u00fccadele ederken stratejik d\u00fc\u015f\u00fcnme, h\u0131zl\u0131 karar alma ve problem \u00e7\u00f6zme yetkinliklerini peki\u015ftirir. Bu s\u00fcre\u00e7te \u00f6\u011frenciler hem teknik bilgi ve becerilerini sahada uygulama f\u0131rsat\u0131 bulur hem de i\u015f birli\u011fi, g\u00f6rev payla\u015f\u0131m\u0131 ve fair-play anlay\u0131\u015f\u0131 kazan\u0131r.<\/p>\n\n\n\n<p class=\"has-text-color has-link-color has-large-font-size wp-elements-710ac6e936b53c61897193e33452e3ef\" style=\"color:#eef151\"><strong><strong>Yar\u0131\u015fma Robotlar\u0131n\u0131n \u00d6zellikleri<\/strong><\/strong><\/p>\n\n\n\n<p>Robotlar\u0131n otonom olma zorunlulu\u011fu bulunmamaktad\u0131r. Robotlar, kablosuz bir kumanda arac\u0131l\u0131\u011f\u0131yla manuel olarak kontrol edilebilir.<\/p>\n\n\n\n<p>\u2022 Bluetooth ba\u011flant\u0131s\u0131 ile kontrol edilecek robotlar\u0131n Bluetooth ba\u011flant\u0131 isimlerinin kendi tak\u0131m adlar\u0131 olmas\u0131 zorunludur. Yar\u0131\u015fma \u00f6ncesinde kontrol edilecektir.<\/p>\n\n\n\n<p>\u2022 Robotlar\u0131n taban boyutlar\u0131 maksimum 25 cm x 25 cm kare \u015feklinde olabilir. Bu \u00f6l\u00e7\u00fcm, bir \u00e7er\u00e7eve kullan\u0131larak 25 cm x 25 cm (\u00b12 mm) olarak denetlenecektir. Robotlar\u0131n y\u00fcksekli\u011fi ise en fazla 25 cm olabilir. Ancak ma\u00e7 s\u0131ras\u0131nda robotun \u00f6l\u00e7\u00fclerini de\u011fi\u015ftirebilecek herhangi bir aparata (\u00f6rne\u011fin a\u00e7\u0131l\u0131r kapan\u0131r kol) izin verilmeyecektir.&nbsp;Belirtilen \u00f6l\u00e7\u00fclerin d\u0131\u015f\u0131ndaki robotlar yar\u0131\u015fma hakk\u0131na sahip olamazlar.<\/p>\n\n\n\n<p>\u2022 Topu ivmelendirecek\/f\u0131rlatacak mekanizmalara izin verilmeyecektir.<\/p>\n\n\n\n<p>\u2022 Robotlar\u0131n maksimum k\u00fctlesi 1500 gramd\u0131r ve bu \u00f6l\u00e7\u00fcmde %3\u2019l\u00fck bir tolerans kabul edilir. Robotlar\u0131n k\u00fctleleri \u00f6l\u00e7\u00fcm s\u0131ras\u0131nda kaydedilecektir.<\/p>\n\n\n\n<p>\u2022 Robotlarda bulunan yakalama veya tutma aparatlar\u0131n\u0131n tasar\u0131m\u0131nda, topun temas edebilece\u011fi en i\u00e7 ve en d\u0131\u015f y\u00fczeyler veya noktalar aras\u0131ndaki dik mesafe 10 mm\u2019yi a\u015fmamal\u0131d\u0131r. Varsa, tutma aparat\u0131 robotun sadece \u00f6n taraf\u0131nda bulunabilir.<\/p>\n\n\n\n<p>\u2022 Topla etkile\u015fim an\u0131nda topun \u00fcst\u00fcne \u00e7\u0131kan, devrilen veya \u0131srarla oyunun durmas\u0131nda sebep olabilecek tasar\u0131mda olan robotlar diskalifiye edileceklerdir.<\/p>\n\n\n\n<p class=\"has-text-color has-link-color has-large-font-size wp-elements-961be681ed5ef57bad2920e81093228c\" style=\"color:#eef151\"><strong>\u00a0<strong>Saha \u00d6zellikleri<\/strong><\/strong><\/p>\n\n\n\n<p>Robotlar, 180 cm x 270 cm boyutlar\u0131ndaki dikd\u00f6rtgen sahada ma\u00e7 yapacaklard\u0131r. Sahan\u0131n \u00e7evresi en az 30 cm y\u00fcksekli\u011findeki yere dik duvarlar taraf\u0131ndan \u00e7evrilmi\u015ftir.<\/p>\n\n\n\n<p>\u2022 Kalelerin boyu 60 cm ve y\u00fcksekli\u011fi 30 cm olarak belirlenmi\u015ftir.<\/p>\n\n\n\n<p>\u2022 Ma\u00e7 s\u0131ras\u0131nda kullan\u0131lacak topun \u00e7ap\u0131 12\u00b13 cm\u2019dir ve a\u011f\u0131rl\u0131\u011f\u0131 55\u00b130 gramd\u0131r.<\/p>\n\n\n\n<p>\u2022 Futro sahas\u0131n\u0131n zemini yapay \u00e7im ile kapl\u0131d\u0131r ve sahan\u0131n konumu \u00e7izimlerde g\u00f6sterilmi\u015ftir (duvarlar temsilidir.).<\/p>\n\n\n\n<p>\u2022 Sahan\u0131n k\u00f6\u015feleri kavisli olacakt\u0131r.<\/p>\n\n\n\n<p class=\"has-text-color has-link-color has-large-font-size wp-elements-de155a088a65688b6edbaca18a52e080\" style=\"color:#eef151\">\u00a0<strong><strong>Tak\u0131m ve Kat\u0131l\u0131m Kurallar\u0131<\/strong><\/strong><\/p>\n\n\n\n<p>Futro kategorisine kat\u0131l\u0131m\u00a0Ortaokul ve alt\u0131\u00a0\u00f6\u011frenim d\u00fczeyinde okuyan \u00f6\u011frenciler ile\u00a0s\u0131n\u0131rland\u0131r\u0131lm\u0131\u015ft\u0131r.<\/p>\n\n\n\n<p>Tak\u0131mlar 2 kat\u0131l\u0131mc\u0131dan olu\u015fur.<\/p>\n\n\n\n<p>Bir kat\u0131l\u0131mc\u0131 yaln\u0131zca bir tak\u0131mda yer alabilir.<\/p>\n\n\n\n<p>18 ya\u015f alt\u0131 kat\u0131l\u0131mc\u0131s\u0131 bulunan tak\u0131mlara 18 ya\u015f\u0131ndan b\u00fcy\u00fck bir ko\u00e7un rehberlik etmesi zorunludur.\u00a0Ko\u00e7lar birden fazla tak\u0131mla \u00e7al\u0131\u015fabilir.<\/p>\n\n\n\n<p>Bir tak\u0131m\u0131n iki robotu vard\u0131r. \u0130stenirse, yedek robot getirilebilir. Yedek robot sadece teknik ar\u0131za durumunda kullan\u0131labilir ve \u00f6nceden kay\u0131t alt\u0131na al\u0131nmal\u0131d\u0131r. Yedek robotlar ba\u015fka bir tak\u0131mda kullan\u0131lamazlar.<\/p>\n\n\n\n<p>Tak\u0131mlarda en az iki adet pilot bulunmal\u0131d\u0131r. Pilotlar set aralar\u0131nda varsa, tak\u0131m \u00fcyesi olan ba\u015fka bir pilot ile de\u011fi\u015fim yapabilirler.<\/p>\n\n\n\n<p class=\"has-text-color has-link-color has-large-font-size wp-elements-fa10acdd32d6529a4037c5f767688721\" style=\"color:#eef151\"><strong>Projenin temel bilgileri<\/strong><\/p>\n\n\n\n<p class=\"has-text-color has-link-color wp-elements-6e7825786f7e1d6f977a804c97a70ee8\" style=\"color:#eef151\"><\/p>\n\n\n\n<p>Yar\u0131\u015fmaya kat\u0131lacak tak\u0131mlar\u0131n s\u0131ralamas\u0131 ve e\u015fle\u015fmeleri, yar\u0131\u015fma g\u00fcn\u00fc bilgisayar program\u0131 kullan\u0131larak kura \u00e7ekilerek belirlenecek ve sonu\u00e7lar ilan edilecektir. Yar\u0131\u015fmaya kat\u0131lan robotlar\u0131n say\u0131s\u0131n\u0131n 2\u2019nin kuvveti olmamas\u0131 durumunda e\u015fle\u015fme y\u00f6ntemi daha sonra belirlenecektir.&nbsp;<\/p>\n\n\n\n<p>2)&nbsp;Her tak\u0131m\u0131n iki robotu bulunmaktad\u0131r. Tak\u0131mlar, istedikleri takdirde birer yedek robot getirebilirler. Yedek robotlar\u0131n kayd\u0131 ve \u00f6l\u00e7\u00fcm\u00fc yap\u0131lacakt\u0131r. Yedek robot, sadece oyun durdu\u011funda (\u00f6rne\u011fin, gol oldu\u011funda, rakip tak\u0131m\u0131n k\u0131rm\u0131z\u0131 kart g\u00f6rd\u00fc\u011f\u00fcnde veya devre aras\u0131nda) kullan\u0131labilecek bir adet hakk\u0131 saklar.<\/p>\n\n\n\n<p>3)&nbsp;Her ma\u00e7, iki yar\u0131dan olu\u015fan ve her yar\u0131 4 dakika s\u00fcren toplam 8 dakika uzunlu\u011fundad\u0131r. \u0130lk yar\u0131 sonunda ise 2 dakikal\u0131k bir devre aras\u0131 yap\u0131lacakt\u0131r. Bu devre aras\u0131nda tak\u0131mlar yar\u0131 saha de\u011fi\u015ftirir ve gerekirse robotlarda de\u011fi\u015fiklikler yapabilirler. Ancak verilen 2 dakikan\u0131n sonunda robotlar yeniden haz\u0131r olmal\u0131d\u0131r.<\/p>\n\n\n\n<p>4)&nbsp;Ma\u00e7 sonunda en fazla gol atan tak\u0131m oyunu kazan\u0131r. E\u011fer ma\u00e7 berabere sonu\u00e7lan\u0131rsa, herhangi bir mola verilmeden 2 dakikal\u0131k uzatma s\u00fcresi ba\u015flar. Bu uzatma s\u00fcresi i\u00e7inde ilk gol\u00fc atan tak\u0131m ma\u00e7\u0131 kazan\u0131r. E\u011fer uzatma s\u00fcresi de berabere biterse, kazanan tak\u0131m\u0131n belirlenmesi i\u00e7in her tak\u0131m\u0131n en a\u011f\u0131r iki robotunun toplam k\u00fctlesi hesaplan\u0131r, daha d\u00fc\u015f\u00fck k\u00fctleye sahip tak\u0131m galip ilan edilir.<\/p>\n\n\n\n<p>5)&nbsp;Tak\u0131mlar ma\u00e7 ba\u015flamadan \u00f6nce 2 dakikal\u0131k teknik bir mola alabilirler.<\/p>\n\n\n\n<p>6)&nbsp;Ma\u00e7lar, kat\u0131l\u0131mc\u0131 say\u0131s\u0131na g\u00f6re lig usul\u00fc veya eleme usul\u00fc olarak d\u00fczenlenecektir. Ma\u00e7lar\u0131n nas\u0131l ger\u00e7ekle\u015fece\u011fi, yar\u0131\u015fmadan \u00f6nce kat\u0131l\u0131mc\u0131lara duyurulacakt\u0131r.<\/p>\n\n\n\n<p>7)&nbsp;Topun yar\u0131s\u0131ndan fazlas\u0131 kale \u00e7izgisini ge\u00e7ti\u011fi an bir gol say\u0131l\u0131r.<\/p>\n\n\n\n<p>8)&nbsp;Herhangi bir tak\u0131m, ma\u00e7 devam ederken ma\u00e7\u0131n sonland\u0131r\u0131lmas\u0131n\u0131 talep eder veya yar\u0131\u015fmadan \u00e7ekilirse, o tak\u0131m o ma\u00e7\u0131 kaybetmi\u015f say\u0131l\u0131r.<\/p>\n\n\n\n<p>9)&nbsp;Her iki tak\u0131m\u0131n robotlar\u0131 da yar\u0131\u015fma ko\u015fullar\u0131na uygun olmayacak bir durumdaysa, ma\u00e7 hakem karar\u0131yla durdurulabilir ve yeniden ba\u015flat\u0131labilir.<\/p>\n\n\n\n<p>10)&nbsp;Robotlarda potansiyel bir tehlike g\u00f6r\u00fcl\u00fcrse (duman, k\u0131sa devre, yang\u0131n vb.), hakem karar\u0131yla ma\u00e7 durdurulabilir ve yeniden ba\u015flat\u0131labilir.<\/p>\n\n\n\n<p>11)&nbsp;Turnuvan\u0131n fikst\u00fcr\u00fc kesin kay\u0131tlar al\u0131nd\u0131ktan sonra belirlenip duyurulacakt\u0131r. Belirlenen fikst\u00fcr d\u0131\u015f\u0131na \u00e7\u0131k\u0131lmaz.<\/p>\n\n\n\n<p>12)&nbsp;Yar\u0131\u015fma s\u0131ras\u0131nda teknik konularla ilgili bir anla\u015fmazl\u0131k \u00e7\u0131karsa, karar\u0131 hakemler verecektir.<\/p>\n\n\n\n<p>13)&nbsp;Yukar\u0131da bahsedilen kurallar Futro yar\u0131\u015fmas\u0131na \u00f6zel kurallard\u0131r. Ayr\u0131ca genel kurallar da g\u00f6z \u00f6n\u00fcnde bulundurulmal\u0131d\u0131r. Genel kurallara&nbsp;<a href=\"https:\/\/irl.iyte.edu.tr\/genel-kurallar\" target=\"_blank\" rel=\"noreferrer noopener\">buradan<\/a><a href=\"https:\/\/irl.iyte.edu.tr\/wp-content\/uploads\/sites\/242\/2023\/09\/IRL23-GENEL-KURALLAR.pdf\">&nbsp;<\/a>ula\u015fabilirsiniz.<\/p>\n\n\n\n<p>14)&nbsp;Herhangi bir itiraz\u0131n kabul edilmesi i\u00e7in yaz\u0131l\u0131 olarak kriz koordinasyon masas\u0131na iletilmesi gerekmektedir. \u0130tirazlar\u0131n\u0131 hakemlere veya ba\u015fka bir g\u00f6revliye iletenlerin itirazlar\u0131 dikkate al\u0131nmayacakt\u0131r. \u0130tirazlar, teknik ekip komitesi taraf\u0131ndan en k\u0131sa s\u00fcrede incelenecek ve sonu\u00e7lar ilgili taraflara iletilerek bir daha itiraz edilememek \u00fczere sonu\u00e7land\u0131r\u0131lacakt\u0131r.<\/p>\n\n\n\n<p>15)&nbsp;\u0130tiraz dilek\u00e7esinde itiraz tarihi, sebebi, net talep, itiraz eden ki\u015finin ad\u0131 soyad\u0131,&nbsp;robot no ve tak\u0131m ad\u0131, yar\u0131\u015fmac\u0131 s\u0131ras\u0131, telefon numaras\u0131 net bir \u015fekilde yaz\u0131lmal\u0131. Dilek\u00e7eler siyah pilot kalemle yaz\u0131lmal\u0131d\u0131r. Bahsedilenlerden eksi\u011fi olan dilek\u00e7eler i\u015fleme al\u0131nmayacakt\u0131r.<\/p>\n\n\n\n<p>16)&nbsp;E\u011fer belirtilen kurallar\u0131n d\u0131\u015f\u0131nda herhangi bir belirsizlik veya tart\u0131\u015fma do\u011farsa, o yar\u0131\u015f\u0131n<br>hakemleri bu konuda karar verecektir. Hakemler, gerekti\u011finde ma\u00e7\u0131 tekrarlatma yetkisine sahiptir. Teknik ekip komitesi, zorunlu olmad\u0131k\u00e7a kurallar\u0131 de\u011fi\u015ftirmeyecektir, ancak gerekli g\u00f6rd\u00fckleri durumlarda herhangi bir kural\u0131 de\u011fi\u015ftirme hakk\u0131n\u0131 sakl\u0131 tutar.<\/p>\n\n\n\n<p>17)&nbsp;Ayr\u0131ca yap\u0131lacak itirazlarda kat\u0131l\u0131mc\u0131lar\u0131n kendi tuttu\u011fu s\u00fcreler veya \u00e7ekti\u011fi videolar kesinlikle de\u011ferlendirmeye al\u0131nmayacakt\u0131r. Sadece hakemler taraf\u0131ndan yap\u0131lan kay\u0131tlar<br>de\u011ferlendirilecektir.<\/p>\n\n\n\n<p class=\"has-text-color has-link-color wp-elements-1c33594b35e504fecdbd37723209aa81\" style=\"color:#eef151\"><strong><strong>Cezalar ve Diskalifiye Durumlar\u0131<\/strong><\/strong><\/p>\n\n\n\n<p>1)&nbsp;\u0130zleyicilere veya sahaya kas\u0131tl\u0131 zarar veren robotlar, hakem karar\u0131yla elemeye tabi tutulacakt\u0131r.<\/p>\n\n\n\n<p>2)&nbsp;Robotlar, topun hareketini engelleyici m\u00fcdahalelerde (topu s\u0131k\u0131ca kavramak, kafesleyerek s\u00fcr\u00fcklemek, yerden y\u00fckseklik kazand\u0131rmak vb.) bulunamazlar. Aksi halde hakemler taraf\u0131ndan ilgili robota k\u0131rm\u0131z\u0131 kart cezas\u0131 verilecektir.<\/p>\n\n\n\n<p>3)&nbsp;Rakip tak\u0131m\u0131n robotlar\u0131na zarar vermek (par\u00e7a d\u00fc\u015f\u00fcrmek, hasar vermek vb.) k\u0131rm\u0131z\u0131 kart cezas\u0131na yol a\u00e7abilir.<\/p>\n\n\n\n<p>4)&nbsp;Kendi ceza sahas\u0131 i\u00e7inde 15 saniye bulunan robotlara sar\u0131 kart cezas\u0131 verilecektir.<\/p>\n\n\n\n<p>\u2022 K\u0131rm\u0131z\u0131 Kart Cezas\u0131: Bu cezay\u0131 alan robotlar, bulunduklar\u0131 yar\u0131 s\u00fcresinin sonuna kadar oyundan \u00e7\u0131kar\u0131l\u0131r ve yerine yedek robot kullan\u0131lamaz. Hangi durumlarda verildi\u011fi yukar\u0131da belirtilmi\u015ftir.<\/p>\n\n\n\n<p>\u2022 Sar\u0131 Kart Cezas\u0131: Bu cezay\u0131 2 defa alan oyuncular k\u0131rm\u0131z\u0131 kart cezas\u0131na \u00e7arpt\u0131r\u0131l\u0131r. K\u0131rm\u0131z\u0131 kart cezas\u0131n\u0131n detaylar\u0131 yukar\u0131da belirtilmi\u015ftir. Hangi durumlarda sar\u0131 kart cezas\u0131n\u0131n verildi\u011fi yukar\u0131da bahsedilmi\u015ftir.<\/p>\n\n\n\n<p>5)&nbsp;Robottan ya\u011f, kum, toz, s\u0131v\u0131 vb. maddelerin s\u0131zd\u0131r\u0131lmas\u0131 veya p\u00fcsk\u00fcrt\u00fclmesi diskalifiye sebebidir.<\/p>\n\n\n\n<p>6)&nbsp;Robotlar, rakip robotlar\u0131n \u00e7al\u0131\u015fmas\u0131n\u0131 etkileyebilecek elektronik veya manyetik dalgalar yayamaz ve ark olu\u015fturamazlar. Ayr\u0131ca robotlarda m\u0131knat\u0131s ve benzeri malzemeler bulundurulamaz.<\/p>\n\n\n\n<p>7)&nbsp;Rakip robotlar\u0131n hareket kabiliyetini s\u0131n\u0131rlayacak herhangi bir par\u00e7a kullanmak yasakt\u0131r. Yar\u0131\u015fma eti\u011fine ayk\u0131r\u0131 olan, rakip robotlar\u0131 y\u00fckselten, \u00e7eken veya tahrip etmeye y\u00f6nelik montajlar da yasakt\u0131r.<\/p>\n\n\n\n<p>8)&nbsp;Bu yar\u0131\u015fma, elektronik, mekanik ve yaz\u0131l\u0131m yeteneklerini \u00f6l\u00e7t\u00fc\u011f\u00fc i\u00e7in haz\u0131r kit kullan\u0131m\u0131 tespit edilen robotlar elenecektir.<\/p>\n\n\n\n<p>9)&nbsp;Centilmenlik d\u0131\u015f\u0131 davran\u0131\u015flarda bulunan kat\u0131l\u0131mc\u0131lar yar\u0131\u015fmadan diskalifiye edilecektir.<\/p>\n\n\n\n<figure class=\"wp-block-image size-full is-resized\"><img loading=\"lazy\" decoding=\"async\" width=\"768\" height=\"480\" src=\"https:\/\/robolutionkultur.com\/wp-content\/uploads\/2025\/12\/futro.jpg\" alt=\"\" class=\"wp-image-357\" style=\"width:726px;height:auto\" srcset=\"https:\/\/robolutionkultur.com\/wp-content\/uploads\/2025\/12\/futro.jpg 768w, https:\/\/robolutionkultur.com\/wp-content\/uploads\/2025\/12\/futro-300x188.jpg 300w\" sizes=\"auto, (max-width: 768px) 100vw, 768px\" \/><\/figure>\n\n\n\n<p class=\"has-text-align-center\">Resim 1: Saha \u00f6l\u00e7\u00fcleri<\/p>\n\n\n\n<p class=\"has-text-align-center has-text-color has-link-color has-large-font-size wp-elements-fddb9b30b4fe26fb1e0d3d4fe5d7957f\" style=\"color:#f95050\"><strong>T\u00fcm itirazlar hakem koordinat\u00f6rlerine yap\u0131lacakt\u0131r. Bu itirazlar yaz\u0131l\u0131 \u015fekilde sunulmal\u0131d\u0131r. T\u00fcm kategoriler ile birlikte bu kategoride de \u201cKategori \u00fcst\u00fc kurallar\u201d ge\u00e7erlidir.<\/strong><\/p>\n\n\n\n<p><\/p>\n<\/div>\n\n\n\n<p><\/p>\n<\/div>\n","protected":false},"excerpt":{"rendered":"<p>Futro Kategorisi Ama\u00e7 Futro kategorisi; \u00f6\u011frencilerin robotik tasar\u0131m, manuel kontrol ve tak\u0131m \u00e7al\u0131\u015fmas\u0131 becerilerini geli\u015ftirmeyi ama\u00e7layan, e\u011flence ile rekabeti bir araya getiren bir robot futbolu yar\u0131\u015fmas\u0131d\u0131r. Kat\u0131l\u0131mc\u0131lar, tasarlad\u0131klar\u0131 ve kontrol ettikleri robotlarla belirlenen s\u00fcre i\u00e7inde rakip tak\u0131ma kar\u015f\u0131 m\u00fccadele ederken stratejik d\u00fc\u015f\u00fcnme, h\u0131zl\u0131 karar alma ve problem \u00e7\u00f6zme yetkinliklerini peki\u015ftirir. Bu s\u00fcre\u00e7te \u00f6\u011frenciler hem teknik [&hellip;]<\/p>\n","protected":false},"author":1,"featured_media":0,"parent":0,"menu_order":0,"comment_status":"closed","ping_status":"closed","template":"page-no-title","meta":{"footnotes":""},"class_list":["post-314","page","type-page","status-publish","hentry"],"_links":{"self":[{"href":"https:\/\/robolutionkultur.com\/index.php?rest_route=\/wp\/v2\/pages\/314","targetHints":{"allow":["GET"]}}],"collection":[{"href":"https:\/\/robolutionkultur.com\/index.php?rest_route=\/wp\/v2\/pages"}],"about":[{"href":"https:\/\/robolutionkultur.com\/index.php?rest_route=\/wp\/v2\/types\/page"}],"author":[{"embeddable":true,"href":"https:\/\/robolutionkultur.com\/index.php?rest_route=\/wp\/v2\/users\/1"}],"replies":[{"embeddable":true,"href":"https:\/\/robolutionkultur.com\/index.php?rest_route=%2Fwp%2Fv2%2Fcomments&post=314"}],"version-history":[{"count":9,"href":"https:\/\/robolutionkultur.com\/index.php?rest_route=\/wp\/v2\/pages\/314\/revisions"}],"predecessor-version":[{"id":410,"href":"https:\/\/robolutionkultur.com\/index.php?rest_route=\/wp\/v2\/pages\/314\/revisions\/410"}],"wp:attachment":[{"href":"https:\/\/robolutionkultur.com\/index.php?rest_route=%2Fwp%2Fv2%2Fmedia&parent=314"}],"curies":[{"name":"wp","href":"https:\/\/api.w.org\/{rel}","templated":true}]}}