{"id":335,"date":"2025-10-24T09:43:50","date_gmt":"2025-10-24T09:43:50","guid":{"rendered":"https:\/\/robolutionkultur.com\/?page_id=335"},"modified":"2026-01-13T12:36:16","modified_gmt":"2026-01-13T12:36:16","slug":"2018-2","status":"publish","type":"page","link":"https:\/\/robolutionkultur.com\/?page_id=335","title":{"rendered":"2018-Robolution"},"content":{"rendered":"\n<div class=\"wp-block-group alignfull has-base-color has-text-color has-background has-global-padding is-layout-constrained wp-container-core-group-is-layout-ef3d885c wp-block-group-is-layout-constrained\" style=\"background-color:#101920;margin-top:0;margin-bottom:0;padding-top:var(--wp--preset--spacing--60);padding-right:var(--wp--preset--spacing--60);padding-bottom:var(--wp--preset--spacing--60);padding-left:var(--wp--preset--spacing--60)\">\n<div class=\"wp-block-group has-global-padding is-layout-constrained wp-block-group-is-layout-constrained\"><div\n    \tclass=\"free align wp-block-csb-content-slider-block\"    id='csbContentSlider-1' \n    data-attributes='{&quot;slides&quot;:[{&quot;background&quot;:{&quot;color&quot;:&quot;#00000080&quot;,&quot;type&quot;:&quot;image&quot;,&quot;image&quot;:{&quot;id&quot;:238,&quot;url&quot;:&quot;https:\\\/\\\/robolutionkultur.com\\\/wp-content\\\/uploads\\\/2025\\\/10\\\/1033_224699a2-10e0-4212-a6ef-7208bec14203.jpg&quot;,&quot;alt&quot;:&quot;&quot;,&quot;title&quot;:&quot;1033_224699a2-10e0-4212-a6ef-7208bec14203&quot;,&quot;caption&quot;:&quot;&quot;},&quot;position&quot;:&quot;center center&quot;,&quot;attachment&quot;:&quot;fixed&quot;,&quot;repeat&quot;:&quot;no-repeat&quot;},&quot;border&quot;:[],&quot;position&quot;:&quot;top center&quot;,&quot;title&quot;:&quot;&quot;,&quot;titleColor&quot;:&quot;#fff&quot;,&quot;description&quot;:&quot;&quot;,&quot;descColor&quot;:&quot;#fff&quot;,&quot;btnText&quot;:&quot;&quot;,&quot;btnLink&quot;:&quot;&quot;,&quot;btnColors&quot;:{&quot;color&quot;:&quot;#fff&quot;,&quot;bg&quot;:&quot;#4527a4&quot;},&quot;btnHovColors&quot;:{&quot;color&quot;:&quot;#fff&quot;,&quot;bg&quot;:&quot;#8344c5&quot;}},{&quot;background&quot;:{&quot;color&quot;:&quot;#00000080&quot;,&quot;type&quot;:&quot;image&quot;,&quot;image&quot;:{&quot;id&quot;:239,&quot;url&quot;:&quot;https:\\\/\\\/robolutionkultur.com\\\/wp-content\\\/uploads\\\/2025\\\/10\\\/1033_2c05ed78-d58b-4944-9374-1aa1552cd2e7.jpg&quot;,&quot;alt&quot;:&quot;&quot;,&quot;title&quot;:&quot;1033_2c05ed78-d58b-4944-9374-1aa1552cd2e7&quot;,&quot;caption&quot;:&quot;&quot;},&quot;size&quot;:&quot;contain&quot;,&quot;repeat&quot;:&quot;no-repeat&quot;,&quot;attachment&quot;:&quot;local&quot;,&quot;position&quot;:&quot;center center&quot;},&quot;border&quot;:[],&quot;position&quot;:&quot;center center&quot;,&quot;childPositions&quot;:[{&quot;top&quot;:36,&quot;right&quot;:44.71,&quot;bottom&quot;:44.5,&quot;left&quot;:44.71},{&quot;top&quot;:47.5,&quot;right&quot;:34.67,&quot;bottom&quot;:52.5,&quot;left&quot;:34.67},{&quot;top&quot;:55.5,&quot;right&quot;:44.54,&quot;bottom&quot;:67,&quot;left&quot;:44.54}],&quot;title&quot;:&quot;&quot;,&quot;titleColor&quot;:&quot;#fff&quot;,&quot;description&quot;:&quot;&quot;,&quot;descColor&quot;:&quot;#fff&quot;,&quot;btnText&quot;:&quot;&quot;,&quot;btnLink&quot;:&quot;&quot;,&quot;btnColors&quot;:{&quot;color&quot;:&quot;#fff&quot;,&quot;bg&quot;:&quot;#4527a4&quot;},&quot;btnHovColors&quot;:{&quot;color&quot;:&quot;#fff&quot;,&quot;bg&quot;:&quot;#8344c5&quot;}},{&quot;background&quot;:{&quot;color&quot;:&quot;#00000080&quot;,&quot;type&quot;:&quot;image&quot;,&quot;image&quot;:{&quot;id&quot;:240,&quot;url&quot;:&quot;https:\\\/\\\/robolutionkultur.com\\\/wp-content\\\/uploads\\\/2025\\\/10\\\/1033_3e5b8d56-e356-4714-95bf-f88b7d033861.jpg&quot;,&quot;alt&quot;:&quot;&quot;,&quot;title&quot;:&quot;1033_3e5b8d56-e356-4714-95bf-f88b7d033861&quot;,&quot;caption&quot;:&quot;&quot;},&quot;position&quot;:&quot;center center&quot;,&quot;size&quot;:&quot;contain&quot;,&quot;repeat&quot;:&quot;no-repeat&quot;},&quot;border&quot;:[],&quot;position&quot;:&quot;center center&quot;,&quot;title&quot;:&quot;&quot;,&quot;titleColor&quot;:&quot;#fff&quot;,&quot;description&quot;:&quot;&quot;,&quot;descColor&quot;:&quot;#fff&quot;,&quot;btnText&quot;:&quot;&quot;,&quot;btnLink&quot;:&quot;&quot;,&quot;btnColors&quot;:{&quot;color&quot;:&quot;#fff&quot;,&quot;bg&quot;:&quot;#4527a4&quot;},&quot;btnHovColors&quot;:{&quot;color&quot;:&quot;#fff&quot;,&quot;bg&quot;:&quot;#8344c5&quot;}},{&quot;background&quot;:{&quot;color&quot;:&quot;#00000080&quot;,&quot;type&quot;:&quot;image&quot;,&quot;image&quot;:{&quot;id&quot;:242,&quot;url&quot;:&quot;https:\\\/\\\/robolutionkultur.com\\\/wp-content\\\/uploads\\\/2025\\\/10\\\/1033_4c9e5067-6e95-478d-91d6-86ce428ebb73.jpg&quot;,&quot;alt&quot;:&quot;&quot;,&quot;title&quot;:&quot;1033_4c9e5067-6e95-478d-91d6-86ce428ebb73&quot;,&quot;caption&quot;:&quot;&quot;},&quot;position&quot;:&quot;center center&quot;,&quot;size&quot;:&quot;contain&quot;,&quot;repeat&quot;:&quot;no-repeat&quot;,&quot;attachment&quot;:&quot;fixed&quot;},&quot;border&quot;:[],&quot;position&quot;:&quot;center center&quot;,&quot;title&quot;:&quot;&quot;,&quot;titleColor&quot;:&quot;#fff&quot;,&quot;description&quot;:&quot;&quot;,&quot;descColor&quot;:&quot;#fff&quot;,&quot;btnText&quot;:&quot;&quot;,&quot;btnLink&quot;:&quot;&quot;,&quot;btnColors&quot;:{&quot;color&quot;:&quot;#fff&quot;,&quot;bg&quot;:&quot;#4527a4&quot;},&quot;btnHovColors&quot;:{&quot;color&quot;:&quot;#fff&quot;,&quot;bg&quot;:&quot;#8344c5&quot;}},{&quot;background&quot;:{&quot;color&quot;:&quot;#00000080&quot;,&quot;type&quot;:&quot;image&quot;,&quot;image&quot;:{&quot;id&quot;:243,&quot;url&quot;:&quot;https:\\\/\\\/robolutionkultur.com\\\/wp-content\\\/uploads\\\/2025\\\/10\\\/1033_6aebfb91-1707-4fbf-b141-911a5dd8239f.jpg&quot;,&quot;alt&quot;:&quot;&quot;,&quot;title&quot;:&quot;1033_6aebfb91-1707-4fbf-b141-911a5dd8239f&quot;,&quot;caption&quot;:&quot;&quot;},&quot;attachment&quot;:&quot;initial&quot;,&quot;size&quot;:&quot;contain&quot;,&quot;position&quot;:&quot;top center&quot;,&quot;repeat&quot;:&quot;no-repeat&quot;},&quot;border&quot;:[],&quot;position&quot;:&quot;center center&quot;,&quot;childPositions&quot;:[{&quot;top&quot;:36,&quot;right&quot;:44.71,&quot;bottom&quot;:44.5,&quot;left&quot;:44.71},{&quot;top&quot;:47.5,&quot;right&quot;:34.67,&quot;bottom&quot;:52.5,&quot;left&quot;:34.67},{&quot;top&quot;:55.5,&quot;right&quot;:44.54,&quot;bottom&quot;:67,&quot;left&quot;:44.54}],&quot;title&quot;:&quot;&quot;,&quot;titleColor&quot;:&quot;#fff&quot;,&quot;description&quot;:&quot;&quot;,&quot;descColor&quot;:&quot;#fff&quot;,&quot;btnText&quot;:&quot;&quot;,&quot;btnLink&quot;:&quot;&quot;,&quot;btnColors&quot;:{&quot;color&quot;:&quot;#fff&quot;,&quot;bg&quot;:&quot;#4527a4&quot;},&quot;btnHovColors&quot;:{&quot;color&quot;:&quot;#fff&quot;,&quot;bg&quot;:&quot;#8344c5&quot;}},{&quot;background&quot;:{&quot;color&quot;:&quot;#00000080&quot;,&quot;type&quot;:&quot;image&quot;,&quot;image&quot;:{&quot;id&quot;:244,&quot;url&quot;:&quot;https:\\\/\\\/robolutionkultur.com\\\/wp-content\\\/uploads\\\/2025\\\/10\\\/1033_9dd34de7-ced9-4dc6-a20e-9331843a30b4.jpg&quot;,&quot;alt&quot;:&quot;&quot;,&quot;title&quot;:&quot;1033_9dd34de7-ced9-4dc6-a20e-9331843a30b4&quot;,&quot;caption&quot;:&quot;&quot;},&quot;size&quot;:&quot;contain&quot;,&quot;repeat&quot;:&quot;no-repeat&quot;},&quot;border&quot;:[],&quot;position&quot;:&quot;center center&quot;,&quot;childPositions&quot;:[{&quot;top&quot;:36,&quot;right&quot;:44.71,&quot;bottom&quot;:44.5,&quot;left&quot;:44.71},{&quot;top&quot;:47.5,&quot;right&quot;:34.67,&quot;bottom&quot;:52.5,&quot;left&quot;:34.67},{&quot;top&quot;:55.5,&quot;right&quot;:44.54,&quot;bottom&quot;:67,&quot;left&quot;:44.54}],&quot;title&quot;:&quot;&quot;,&quot;titleColor&quot;:&quot;#fff&quot;,&quot;description&quot;:&quot;&quot;,&quot;descColor&quot;:&quot;#fff&quot;,&quot;btnText&quot;:&quot;&quot;,&quot;btnLink&quot;:&quot;&quot;,&quot;btnColors&quot;:{&quot;color&quot;:&quot;#fff&quot;,&quot;bg&quot;:&quot;#4527a4&quot;},&quot;btnHovColors&quot;:{&quot;color&quot;:&quot;#fff&quot;,&quot;bg&quot;:&quot;#8344c5&quot;}},{&quot;background&quot;:{&quot;color&quot;:&quot;#00000080&quot;,&quot;type&quot;:&quot;image&quot;,&quot;image&quot;:{&quot;id&quot;:245,&quot;url&quot;:&quot;https:\\\/\\\/robolutionkultur.com\\\/wp-content\\\/uploads\\\/2025\\\/10\\\/1033_29b0cd92-754f-4ec1-9abd-010cbe49a25e.jpg&quot;,&quot;alt&quot;:&quot;&quot;,&quot;title&quot;:&quot;1033_29b0cd92-754f-4ec1-9abd-010cbe49a25e&quot;,&quot;caption&quot;:&quot;&quot;},&quot;position&quot;:&quot;center center&quot;,&quot;size&quot;:&quot;contain&quot;,&quot;repeat&quot;:&quot;no-repeat&quot;},&quot;border&quot;:[],&quot;position&quot;:&quot;center center&quot;,&quot;childPositions&quot;:[{&quot;top&quot;:36,&quot;right&quot;:44.71,&quot;bottom&quot;:44.5,&quot;left&quot;:44.71},{&quot;top&quot;:47.5,&quot;right&quot;:34.67,&quot;bottom&quot;:52.5,&quot;left&quot;:34.67},{&quot;top&quot;:55.5,&quot;right&quot;:44.54,&quot;bottom&quot;:67,&quot;left&quot;:44.54}],&quot;title&quot;:&quot;&quot;,&quot;titleColor&quot;:&quot;#fff&quot;,&quot;description&quot;:&quot;&quot;,&quot;descColor&quot;:&quot;#fff&quot;,&quot;btnText&quot;:&quot;&quot;,&quot;btnLink&quot;:&quot;&quot;,&quot;btnColors&quot;:{&quot;color&quot;:&quot;#fff&quot;,&quot;bg&quot;:&quot;#4527a4&quot;},&quot;btnHovColors&quot;:{&quot;color&quot;:&quot;#fff&quot;,&quot;bg&quot;:&quot;#8344c5&quot;}},{&quot;background&quot;:{&quot;color&quot;:&quot;#00000080&quot;,&quot;type&quot;:&quot;image&quot;,&quot;image&quot;:{&quot;id&quot;:246,&quot;url&quot;:&quot;https:\\\/\\\/robolutionkultur.com\\\/wp-content\\\/uploads\\\/2025\\\/10\\\/1033_58a389b6-12cc-4c98-8cc7-61338bbaf22f.jpg&quot;,&quot;alt&quot;:&quot;&quot;,&quot;title&quot;:&quot;1033_58a389b6-12cc-4c98-8cc7-61338bbaf22f&quot;,&quot;caption&quot;:&quot;&quot;},&quot;position&quot;:&quot;center center&quot;,&quot;attachment&quot;:&quot;scroll&quot;,&quot;size&quot;:&quot;contain&quot;,&quot;repeat&quot;:&quot;no-repeat&quot;},&quot;border&quot;:[],&quot;position&quot;:&quot;center center&quot;,&quot;childPositions&quot;:[{&quot;top&quot;:36,&quot;right&quot;:44.71,&quot;bottom&quot;:44.5,&quot;left&quot;:44.71},{&quot;top&quot;:47.5,&quot;right&quot;:34.67,&quot;bottom&quot;:52.5,&quot;left&quot;:34.67},{&quot;top&quot;:55.5,&quot;right&quot;:44.54,&quot;bottom&quot;:67,&quot;left&quot;:44.54}],&quot;title&quot;:&quot;&quot;,&quot;titleColor&quot;:&quot;#fff&quot;,&quot;description&quot;:&quot;&quot;,&quot;descColor&quot;:&quot;#fff&quot;,&quot;btnText&quot;:&quot;&quot;,&quot;btnLink&quot;:&quot;#&quot;,&quot;btnColors&quot;:{&quot;color&quot;:&quot;#fff&quot;,&quot;bg&quot;:&quot;#4527a4&quot;},&quot;btnHovColors&quot;:{&quot;color&quot;:&quot;#fff&quot;,&quot;bg&quot;:&quot;#8344c5&quot;}},{&quot;background&quot;:{&quot;color&quot;:&quot;#00000080&quot;,&quot;type&quot;:&quot;image&quot;,&quot;image&quot;:{&quot;id&quot;:247,&quot;url&quot;:&quot;https:\\\/\\\/robolutionkultur.com\\\/wp-content\\\/uploads\\\/2025\\\/10\\\/1033_55233019-22cc-4ff4-8873-201debf6636e.jpg&quot;,&quot;alt&quot;:&quot;&quot;,&quot;title&quot;:&quot;1033_55233019-22cc-4ff4-8873-201debf6636e&quot;,&quot;caption&quot;:&quot;&quot;},&quot;position&quot;:&quot;center center&quot;,&quot;size&quot;:&quot;contain&quot;,&quot;repeat&quot;:&quot;no-repeat&quot;},&quot;border&quot;:[],&quot;position&quot;:&quot;center center&quot;,&quot;childPositions&quot;:[{&quot;top&quot;:36,&quot;right&quot;:44.71,&quot;bottom&quot;:44.5,&quot;left&quot;:44.71},{&quot;top&quot;:47.5,&quot;right&quot;:34.67,&quot;bottom&quot;:52.5,&quot;left&quot;:34.67},{&quot;top&quot;:55.5,&quot;right&quot;:44.54,&quot;bottom&quot;:67,&quot;left&quot;:44.54}],&quot;title&quot;:&quot;&quot;,&quot;titleColor&quot;:&quot;#fff&quot;,&quot;description&quot;:&quot;&quot;,&quot;descColor&quot;:&quot;#fff&quot;,&quot;btnText&quot;:&quot;&quot;,&quot;btnLink&quot;:&quot;&quot;,&quot;btnColors&quot;:{&quot;color&quot;:&quot;#fff&quot;,&quot;bg&quot;:&quot;#4527a4&quot;},&quot;btnHovColors&quot;:{&quot;color&quot;:&quot;#fff&quot;,&quot;bg&quot;:&quot;#8344c5&quot;}},{&quot;background&quot;:{&quot;color&quot;:&quot;#00000080&quot;,&quot;type&quot;:&quot;image&quot;,&quot;image&quot;:{&quot;id&quot;:248,&quot;url&quot;:&quot;https:\\\/\\\/robolutionkultur.com\\\/wp-content\\\/uploads\\\/2025\\\/10\\\/1033_c63173ce-d9b9-4b2a-88d2-8b4488bcef9e.jpg&quot;,&quot;alt&quot;:&quot;&quot;,&quot;title&quot;:&quot;1033_c63173ce-d9b9-4b2a-88d2-8b4488bcef9e&quot;,&quot;caption&quot;:&quot;&quot;},&quot;attachment&quot;:&quot;initial&quot;,&quot;size&quot;:&quot;contain&quot;,&quot;position&quot;:&quot;top center&quot;,&quot;repeat&quot;:&quot;no-repeat&quot;},&quot;border&quot;:[],&quot;position&quot;:&quot;center center&quot;,&quot;childPositions&quot;:[{&quot;top&quot;:36,&quot;right&quot;:44.71,&quot;bottom&quot;:44.5,&quot;left&quot;:44.71},{&quot;top&quot;:47.5,&quot;right&quot;:34.67,&quot;bottom&quot;:52.5,&quot;left&quot;:34.67},{&quot;top&quot;:55.5,&quot;right&quot;:44.54,&quot;bottom&quot;:67,&quot;left&quot;:44.54}],&quot;title&quot;:&quot;&quot;,&quot;titleColor&quot;:&quot;#fff&quot;,&quot;description&quot;:&quot;&quot;,&quot;descColor&quot;:&quot;#fff&quot;,&quot;btnText&quot;:&quot;&quot;,&quot;btnLink&quot;:&quot;#&quot;,&quot;btnColors&quot;:{&quot;color&quot;:&quot;#fff&quot;,&quot;bg&quot;:&quot;#4527a4&quot;},&quot;btnHovColors&quot;:{&quot;color&quot;:&quot;#fff&quot;,&quot;bg&quot;:&quot;#8344c5&quot;}},{&quot;background&quot;:{&quot;color&quot;:&quot;#00000080&quot;,&quot;type&quot;:&quot;image&quot;,&quot;image&quot;:{&quot;id&quot;:249,&quot;url&quot;:&quot;https:\\\/\\\/robolutionkultur.com\\\/wp-content\\\/uploads\\\/2025\\\/10\\\/1033_fffec67e-b3b6-402b-a6fa-84ed4fd54efe.jpg&quot;,&quot;alt&quot;:&quot;&quot;,&quot;title&quot;:&quot;1033_fffec67e-b3b6-402b-a6fa-84ed4fd54efe&quot;,&quot;caption&quot;:&quot;&quot;},&quot;position&quot;:&quot;top center&quot;,&quot;size&quot;:&quot;contain&quot;,&quot;repeat&quot;:&quot;no-repeat&quot;},&quot;border&quot;:[],&quot;position&quot;:&quot;center center&quot;,&quot;childPositions&quot;:[{&quot;top&quot;:36,&quot;right&quot;:44.71,&quot;bottom&quot;:44.5,&quot;left&quot;:44.71},{&quot;top&quot;:47.5,&quot;right&quot;:34.67,&quot;bottom&quot;:52.5,&quot;left&quot;:34.67},{&quot;top&quot;:55.5,&quot;right&quot;:44.54,&quot;bottom&quot;:67,&quot;left&quot;:44.54}],&quot;title&quot;:&quot;&quot;,&quot;titleColor&quot;:&quot;#fff&quot;,&quot;description&quot;:&quot;&quot;,&quot;descColor&quot;:&quot;#fff&quot;,&quot;btnText&quot;:&quot;&quot;,&quot;btnLink&quot;:&quot;#&quot;,&quot;btnColors&quot;:{&quot;color&quot;:&quot;#fff&quot;,&quot;bg&quot;:&quot;#4527a4&quot;},&quot;btnHovColors&quot;:{&quot;color&quot;:&quot;#fff&quot;,&quot;bg&quot;:&quot;#8344c5&quot;}},{&quot;background&quot;:{&quot;color&quot;:&quot;#00000080&quot;,&quot;type&quot;:&quot;image&quot;,&quot;image&quot;:{&quot;id&quot;:250,&quot;url&quot;:&quot;https:\\\/\\\/robolutionkultur.com\\\/wp-content\\\/uploads\\\/2025\\\/10\\\/1033_b520b1ad-7172-42dc-bb3f-cae65fd78494.jpg&quot;,&quot;alt&quot;:&quot;&quot;,&quot;title&quot;:&quot;1033_b520b1ad-7172-42dc-bb3f-cae65fd78494&quot;,&quot;caption&quot;:&quot;&quot;},&quot;position&quot;:&quot;top center&quot;,&quot;size&quot;:&quot;contain&quot;,&quot;repeat&quot;:&quot;no-repeat&quot;},&quot;border&quot;:[],&quot;position&quot;:&quot;center center&quot;,&quot;childPositions&quot;:[{&quot;top&quot;:36,&quot;right&quot;:44.71,&quot;bottom&quot;:44.5,&quot;left&quot;:44.71},{&quot;top&quot;:47.5,&quot;right&quot;:34.67,&quot;bottom&quot;:52.5,&quot;left&quot;:34.67},{&quot;top&quot;:55.5,&quot;right&quot;:44.54,&quot;bottom&quot;:67,&quot;left&quot;:44.54}],&quot;title&quot;:&quot;&quot;,&quot;titleColor&quot;:&quot;#fff&quot;,&quot;description&quot;:&quot;&quot;,&quot;descColor&quot;:&quot;#fff&quot;,&quot;btnText&quot;:&quot;&quot;,&quot;btnLink&quot;:&quot;#&quot;,&quot;btnColors&quot;:{&quot;color&quot;:&quot;#fff&quot;,&quot;bg&quot;:&quot;#4527a4&quot;},&quot;btnHovColors&quot;:{&quot;color&quot;:&quot;#fff&quot;,&quot;bg&quot;:&quot;#8344c5&quot;}}],&quot;columnGap&quot;:222,&quot;sliderWidth&quot;:&quot;400%&quot;,&quot;sliderHeight&quot;:&quot;800px&quot;,&quot;speed&quot;:3.1,&quot;align&quot;:&quot;&quot;,&quot;columns&quot;:{&quot;desktop&quot;:1,&quot;tablet&quot;:1,&quot;mobile&quot;:1},&quot;sliderAlign&quot;:&quot;center&quot;,&quot;isLoop&quot;:true,&quot;isTouchMove&quot;:true,&quot;isAutoplay&quot;:true,&quot;autoplayOptions&quot;:{&quot;delay&quot;:1.5,&quot;disableOnInteraction&quot;:false,&quot;reverseDirection&quot;:false,&quot;pauseOnMouseEnter&quot;:false,&quot;stopOnLastSlide&quot;:false},&quot;freeModeOptions&quot;:{&quot;enabled&quot;:false,&quot;sticky&quot;:false},&quot;effect&quot;:&quot;slide&quot;,&quot;keyboardOptions&quot;:{&quot;enabled&quot;:false},&quot;isMousewheel&quot;:false,&quot;isPage&quot;:true,&quot;pageOnDevice&quot;:{&quot;tablet&quot;:true,&quot;mobile&quot;:true},&quot;isPageClickable&quot;:true,&quot;isPageDynamic&quot;:true,&quot;isPrevNext&quot;:true,&quot;prevNextOnDevice&quot;:{&quot;tablet&quot;:true,&quot;mobile&quot;:true},&quot;sliderBG&quot;:{&quot;color&quot;:&quot;#0000&quot;},&quot;sliderPadding&quot;:{&quot;vertical&quot;:&quot;0px&quot;,&quot;horizontal&quot;:&quot;0px&quot;},&quot;pageColor&quot;:&quot;#fff&quot;,&quot;pageWidth&quot;:&quot;15px&quot;,&quot;pageHeight&quot;:&quot;15px&quot;,&quot;pageBorder&quot;:{&quot;radius&quot;:&quot;50%&quot;},&quot;prevNextColor&quot;:&quot;#fff&quot;,&quot;isTitle&quot;:true,&quot;titleTypo&quot;:{&quot;fontSize&quot;:{&quot;desktop&quot;:&quot;25px&quot;,&quot;tablet&quot;:&quot;22px&quot;,&quot;mobile&quot;:&quot;20px&quot;}},&quot;isDesc&quot;:true,&quot;descTypo&quot;:{&quot;fontSize&quot;:{&quot;desktop&quot;:&quot;15px&quot;}},&quot;descColor&quot;:&quot;&quot;,&quot;isBtn&quot;:true,&quot;linkTarget&quot;:&quot;_blank&quot;,&quot;btnTypo&quot;:{&quot;fontSize&quot;:{&quot;desktop&quot;:&quot;16px&quot;}},&quot;btnPadding&quot;:{&quot;vertical&quot;:&quot;12px&quot;,&quot;horizontal&quot;:&quot;35px&quot;},&quot;btnBorder&quot;:{&quot;radius&quot;:&quot;3px&quot;}}'\n><\/div><\/div>\n\n\n\n<p class=\"has-text-align-center has-large-font-size\"><em><strong>ROBOLUTION&#8217;18<\/strong> G\u00f6r\u00fcnt\u00fcler<\/em><\/p>\n\n\n\n<figure class=\"wp-block-embed is-type-video is-provider-youtube wp-block-embed-youtube wp-embed-aspect-16-9 wp-has-aspect-ratio\" style=\"margin-top:0;margin-right:0;margin-bottom:0;margin-left:0\"><div class=\"wp-block-embed__wrapper\">\n<iframe loading=\"lazy\" title=\"Robolution 2018\" width=\"500\" height=\"281\" src=\"https:\/\/www.youtube.com\/embed\/xMXH_lmdaUE?feature=oembed\" frameborder=\"0\" allow=\"accelerometer; autoplay; clipboard-write; encrypted-media; gyroscope; picture-in-picture; web-share\" referrerpolicy=\"strict-origin-when-cross-origin\" allowfullscreen><\/iframe>\n<\/div><\/figure>\n<\/div>\n","protected":false},"excerpt":{"rendered":"<p>ROBOLUTION&#8217;18 G\u00f6r\u00fcnt\u00fcler<\/p>\n","protected":false},"author":1,"featured_media":0,"parent":0,"menu_order":0,"comment_status":"closed","ping_status":"closed","template":"page-no-title","meta":{"footnotes":""},"class_list":["post-335","page","type-page","status-publish","hentry"],"_links":{"self":[{"href":"https:\/\/robolutionkultur.com\/index.php?rest_route=\/wp\/v2\/pages\/335","targetHints":{"allow":["GET"]}}],"collection":[{"href":"https:\/\/robolutionkultur.com\/index.php?rest_route=\/wp\/v2\/pages"}],"about":[{"href":"https:\/\/robolutionkultur.com\/index.php?rest_route=\/wp\/v2\/types\/page"}],"author":[{"embeddable":true,"href":"https:\/\/robolutionkultur.com\/index.php?rest_route=\/wp\/v2\/users\/1"}],"replies":[{"embeddable":true,"href":"https:\/\/robolutionkultur.com\/index.php?rest_route=%2Fwp%2Fv2%2Fcomments&post=335"}],"version-history":[{"count":8,"href":"https:\/\/robolutionkultur.com\/index.php?rest_route=\/wp\/v2\/pages\/335\/revisions"}],"predecessor-version":[{"id":531,"href":"https:\/\/robolutionkultur.com\/index.php?rest_route=\/wp\/v2\/pages\/335\/revisions\/531"}],"wp:attachment":[{"href":"https:\/\/robolutionkultur.com\/index.php?rest_route=%2Fwp%2Fv2%2Fmedia&parent=335"}],"curies":[{"name":"wp","href":"https:\/\/api.w.org\/{rel}","templated":true}]}}