{"id":386,"date":"2025-12-24T14:13:42","date_gmt":"2025-12-24T14:13:42","guid":{"rendered":"https:\/\/robolutionkultur.com\/?page_id=386"},"modified":"2025-12-26T10:22:57","modified_gmt":"2025-12-26T10:22:57","slug":"kategori-ustu-kurallar","status":"publish","type":"page","link":"https:\/\/robolutionkultur.com\/?page_id=386","title":{"rendered":"Kategori \u00dcst\u00fc Kurallar"},"content":{"rendered":"\n<div class=\"wp-block-group alignfull has-base-color has-text-color has-background has-global-padding is-layout-constrained wp-container-core-group-is-layout-8e1a2553 wp-block-group-is-layout-constrained\" style=\"background-color:#101920;margin-top:0;margin-bottom:0;padding-top:var(--wp--preset--spacing--60);padding-right:var(--wp--preset--spacing--60);padding-bottom:var(--wp--preset--spacing--60);padding-left:var(--wp--preset--spacing--60)\">\n<p class=\"has-text-align-center has-text-color has-link-color has-x-large-font-size wp-elements-2b614590a9184d4d7bb0feb638bb673d\" style=\"color:#eef151\"><strong>Kategori \u00dcst\u00fc Kurallar<\/strong><\/p>\n\n\n\n<div class=\"wp-block-group has-global-padding is-layout-constrained wp-block-group-is-layout-constrained\">\n<hr class=\"wp-block-separator has-text-color has-base-2-color has-alpha-channel-opacity has-base-2-background-color has-background is-style-wide\"\/>\n\n\n\n<p>\u00d6ncelikle yar\u0131\u015fmay\u0131 organize eden \u00d6zel Bursa K\u00fclt\u00fcr Okullar\u0131\u2019n\u0131n senelerdir robot yar\u0131\u015fmalar\u0131na kat\u0131ld\u0131\u011f\u0131n\u0131 ve dereceler ald\u0131\u011f\u0131n\u0131 bilmenizi isteriz. Bu sebeple yar\u0131\u015fmac\u0131lar\u0131n ya\u015fad\u0131\u011f\u0131 ve ya\u015fayabilece\u011fi t\u00fcm sorunlar\u0131 \u2013 hassasiyetleri bilerek kurallar ve kategoriler tasarlanm\u0131\u015ft\u0131r. Buna ra\u011fmen ma\u011fdur oldu\u011funuzu d\u00fc\u015f\u00fcnd\u00fc\u011f\u00fcn\u00fcz her konuda kriz masas\u0131na dilek\u00e7e vererek ba\u015fvuruda bulunabilirsiniz. Kesinlikle dikkate al\u0131nacakt\u0131r.<\/p>\n\n\n\n<ol class=\"wp-block-list\">\n<li>Robot s\u0131ralamalar\u0131 yar\u0131\u015fma g\u00fcn\u00fc kura ile kararla\u015ft\u0131r\u0131lacak ve ilan edilecektir.<\/li>\n\n\n\n<li>Arazi Kategorisi haricindeki kategorilerde yar\u0131\u015fan b\u00fct\u00fcn robotlar otonom olmak zorundad\u0131r.<\/li>\n\n\n\n<li>Herhangi bir kat\u0131l\u0131m \u015fart\u0131 aranmaks\u0131z\u0131n t\u00fcm kategoriler yar\u0131\u015fmak isteyen h<\/li>\n\n\n\n<li>erkese a\u00e7\u0131kt\u0131r.<\/li>\n\n\n\n<li>Yar\u0131\u015fmaya kat\u0131lan t\u00fcm ekiplere masa ve elektrik deste\u011fi sa\u011flanacakt\u0131r.<\/li>\n\n\n\n<li>Hakemler mini sumo kategorisinde yar\u0131\u015fmac\u0131lar\u0131n g\u00f6zl\u00fck ve eldiven giymelerini isteyebilir. Bu ekipmanlar yar\u0131\u015fmac\u0131 taraf\u0131ndan temin edilmelidir.<\/li>\n\n\n\n<li>Robotlarda kullan\u0131lan bataryalar rakip robota, piste ya da kendisine zarar vermeyecek \u015fekilde yerle\u015ftirilmelidir.<\/li>\n\n\n\n<li>Kullan\u0131lan Lityum Polimer (Li-Po) pillerin \u201cg\u00fcvenli \u015farj \u00e7antas\u0131 &#8211; lipo safe bag\u201d olmadan \u015farj edilmesi kesinlikle yasakt\u0131r.<\/li>\n\n\n\n<li>Organizasyon s\u00fcresince alanda okulumuz taraf\u0131ndan fla\u015fs\u0131z foto\u011fraf \u00e7ekimi ve video kayd\u0131 yap\u0131lacakt\u0131r. Bu konu hakk\u0131nda yar\u0131\u015fmac\u0131lardan gelen itirazlar dikkate al\u0131nmayacakt\u0131r. Yar\u0131\u015fmac\u0131lar foto\u011fraflar hakk\u0131nda telif iddia edemezler.<\/li>\n\n\n\n<li>\u0130sminde a\u015fa\u011f\u0131lay\u0131c\u0131, hakaret edici, ahlak d\u0131\u015f\u0131 s\u00f6zler i\u00e7eren robotlar\u0131n kay\u0131tlar\u0131 organizasyon s\u0131ras\u0131nda onaylanmayacakt\u0131r. Kay\u0131t esnas\u0131nda olas\u0131 bir uyar\u0131 ile robot isminin yar\u0131\u015fmac\u0131 taraf\u0131ndan de\u011fi\u015ftirilmesi istenecek, robot uygun bir isim ile yeniden kay\u0131t edilebilecektir.<\/li>\n\n\n\n<li>Yar\u0131\u015fmalardan \u00f6nce veya sonra, rakibi veya hakemi a\u015fa\u011f\u0131lay\u0131c\u0131 hareketlerde bulunan yar\u0131\u015fmac\u0131lar kat\u0131ld\u0131klar\u0131 b\u00fct\u00fcn yar\u0131\u015fmalardan elenir. Bursa K\u00fclt\u00fcr Okullar\u0131\u2019nda FAIR PLAY esast\u0131r.<\/li>\n\n\n\n<li>Robotlar i\u00e7in resm\u00ee web sitesi \u00fczerinden&nbsp;<strong>\u00f6n kay\u0131t yapt\u0131r\u0131lmas\u0131 zorunludur.<\/strong>&nbsp;\u00d6n kay\u0131t i\u015flemi yap\u0131lmayan robotlar\u0131n kesin kay\u0131tlar\u0131 yap\u0131lamaz. Kesin kay\u0131t i\u015flemleri etkinlik takviminde yer almaktad\u0131r.<\/li>\n\n\n\n<li>Pistler s\u0131f\u0131r hata ile ger\u00e7ekle\u015ftirilmeye \u00e7al\u0131\u015f\u0131lmaktad\u0131r ancak %5 tolerans ile \u00fcretildi\u011fi d\u00fc\u015f\u00fcn\u00fclerek robotlar\u0131n\u0131z\u0131 tasarlaman\u0131z gerekmektedir.<\/li>\n\n\n\n<li>Hakemlere yap\u0131lan itirazlar dikkate al\u0131nmayacakt\u0131r. \u0130tirazlar Kriz Masas\u0131na dilek\u00e7e ile yap\u0131lacak ve Kriz Masas\u0131 taraf\u0131ndan de\u011ferlendirilecektir. Kriz Masas\u0131n\u0131n verdi\u011fi kararlara itirazlar kabul edilmez.<\/li>\n\n\n\n<li>Pistlerin konumlar\u0131, ortam\u0131n \u0131\u015f\u0131kland\u0131rma ve ses seviyeleri robotlar\u0131n etkilenmeyece\u011fi \u015fekilde planlanm\u0131\u015ft\u0131r. Bu konularda gelen itirazlar dikkate al\u0131nmayacakt\u0131r.<\/li>\n\n\n\n<li>Yar\u0131\u015fmalar esnas\u0131nda herhangi bir sebeple pistlere zarar veren robotlar bulunduklar\u0131 yar\u0131\u015fmadan elenir.<\/li>\n\n\n\n<li>Robotlar dayan\u0131kl\u0131 \u015fekilde tasarlanmal\u0131d\u0131rlar. Yar\u0131\u015fmalarda kullan\u0131lan pist ve parkur par\u00e7alar\u0131n\u0131n robotlara zarar vermesi durumunda sorumluluk ROBOLUTION ekibine ait de\u011fildir, itirazlar de\u011ferlendirilmez.<\/li>\n\n\n\n<li>Yar\u0131\u015fma kurallar\u0131 alt\u0131nda belirtilen robot \u00f6zelliklerini sa\u011flamayan robotlar yar\u0131\u015fmalara kesinlikle kat\u0131lamazlar.<\/li>\n\n\n\n<li>Robotunu yar\u0131\u015ft\u0131racak yar\u0131\u015fmac\u0131lar kimlik kartlar\u0131n\u0131 ve robot etiketlerini hakeme ibraz etmek zorundad\u0131r.<\/li>\n\n\n\n<li>Kategori kurallar\u0131nda belirtilmeyen b\u00fct\u00fcn durumlarda tek yetkili, yar\u0131\u015fma hakemleri ve teknik koordinat\u00f6rd\u00fcr.<\/li>\n\n\n\n<li>S\u0131ralamay\u0131 etkileyebilecek bir durumda yar\u0131\u015fma hakemi yar\u0131\u015fmac\u0131lara sormadan bir robotu ya da t\u00fcm robotlar\u0131 tekrar yar\u0131\u015ft\u0131rabilir.<\/li>\n\n\n\n<li>Organizasyon boyunca kat\u0131l\u0131mc\u0131lar\u0131n ki\u015fisel e\u015fyalar\u0131n\u0131n g\u00fcvenli\u011finden&nbsp;<strong>kat\u0131l\u0131mc\u0131lar sorumludur.<\/strong><\/li>\n\n\n\n<li>Sitedeki kurallarda belirtilmeyen b\u00fct\u00fcn durumlarda tek yetkili yar\u0131\u015fma hakemleridir.<\/li>\n<\/ol>\n\n\n\n<p class=\"has-accent-3-color has-text-color has-link-color has-large-font-size wp-elements-407ad99843a676f552487c8ead626f8d\"><strong>\u00d6zel Bursa K\u00fclt\u00fcr Okullar\u0131 Robolution Ekibi, yar\u0131\u015fmalarda ve kurallarda de\u011fi\u015fiklik yapma hakk\u0131n\u0131 sakl\u0131 tutar.<\/strong><\/p>\n\n\n\n<p class=\"has-accent-3-color has-text-color has-link-color has-large-font-size wp-elements-c21fe9745ad36de630831947614381d4\"><strong>Kategorilerden herhangi birine kat\u0131l\u0131m say\u0131s\u0131 40 robotun alt\u0131nda olursa kategori \u00f6d\u00fcllerinden sadece birincilik \u00f6d\u00fcl\u00fc verilecektir.<\/strong><\/p>\n<\/div>\n<\/div>\n","protected":false},"excerpt":{"rendered":"<p>Kategori \u00dcst\u00fc Kurallar \u00d6ncelikle yar\u0131\u015fmay\u0131 organize eden \u00d6zel Bursa K\u00fclt\u00fcr Okullar\u0131\u2019n\u0131n senelerdir robot yar\u0131\u015fmalar\u0131na kat\u0131ld\u0131\u011f\u0131n\u0131 ve dereceler ald\u0131\u011f\u0131n\u0131 bilmenizi isteriz. Bu sebeple yar\u0131\u015fmac\u0131lar\u0131n ya\u015fad\u0131\u011f\u0131 ve ya\u015fayabilece\u011fi t\u00fcm sorunlar\u0131 \u2013 hassasiyetleri bilerek kurallar ve kategoriler tasarlanm\u0131\u015ft\u0131r. Buna ra\u011fmen ma\u011fdur oldu\u011funuzu d\u00fc\u015f\u00fcnd\u00fc\u011f\u00fcn\u00fcz her konuda kriz masas\u0131na dilek\u00e7e vererek ba\u015fvuruda bulunabilirsiniz. Kesinlikle dikkate al\u0131nacakt\u0131r. \u00d6zel Bursa K\u00fclt\u00fcr Okullar\u0131 [&hellip;]<\/p>\n","protected":false},"author":1,"featured_media":0,"parent":0,"menu_order":0,"comment_status":"closed","ping_status":"closed","template":"page-no-title","meta":{"footnotes":""},"class_list":["post-386","page","type-page","status-publish","hentry"],"_links":{"self":[{"href":"https:\/\/robolutionkultur.com\/index.php?rest_route=\/wp\/v2\/pages\/386","targetHints":{"allow":["GET"]}}],"collection":[{"href":"https:\/\/robolutionkultur.com\/index.php?rest_route=\/wp\/v2\/pages"}],"about":[{"href":"https:\/\/robolutionkultur.com\/index.php?rest_route=\/wp\/v2\/types\/page"}],"author":[{"embeddable":true,"href":"https:\/\/robolutionkultur.com\/index.php?rest_route=\/wp\/v2\/users\/1"}],"replies":[{"embeddable":true,"href":"https:\/\/robolutionkultur.com\/index.php?rest_route=%2Fwp%2Fv2%2Fcomments&post=386"}],"version-history":[{"count":8,"href":"https:\/\/robolutionkultur.com\/index.php?rest_route=\/wp\/v2\/pages\/386\/revisions"}],"predecessor-version":[{"id":458,"href":"https:\/\/robolutionkultur.com\/index.php?rest_route=\/wp\/v2\/pages\/386\/revisions\/458"}],"wp:attachment":[{"href":"https:\/\/robolutionkultur.com\/index.php?rest_route=%2Fwp%2Fv2%2Fmedia&parent=386"}],"curies":[{"name":"wp","href":"https:\/\/api.w.org\/{rel}","templated":true}]}}